{"id":1792,"date":"2021-03-07T22:14:11","date_gmt":"2021-03-07T22:14:11","guid":{"rendered":"https:\/\/foodcoopbcn.cat\/?page_id=1792"},"modified":"2022-10-17T10:28:47","modified_gmt":"2022-10-17T08:28:47","slug":"subscribete","status":"publish","type":"page","link":"https:\/\/foodcoopbcn.cat\/es\/subscribete\/","title":{"rendered":"SUBSCR\u00cdBETE"},"content":{"rendered":"<p>[et_pb_section fb_built=&#8221;1&#8243; _builder_version=&#8221;4.0.9&#8243; custom_padding=&#8221;||0px|||&#8221;][et_pb_row _builder_version=&#8221;4.0.9&#8243;][et_pb_column type=&#8221;4_4&#8243; _builder_version=&#8221;4.0.9&#8243;][et_pb_text _builder_version=&#8221;4.2.2&#8243; header_font_size=&#8221;50px&#8221; header_font_size_tablet=&#8221;40px&#8221; header_font_size_phone=&#8221;30px&#8221; header_font_size_last_edited=&#8221;on|phone&#8221;]<\/p>\n<h1>\u00a1Subscr\u00edbete al bolet\u00edn!<\/h1>\n<p>[\/et_pb_text][\/et_pb_column][\/et_pb_row][et_pb_row column_structure=&#8221;2_3,1_3&#8243; _builder_version=&#8221;4.0.9&#8243;][et_pb_column type=&#8221;2_3&#8243; _builder_version=&#8221;4.0.9&#8243;][et_pb_text _builder_version=&#8221;4.2.2&#8243;]<\/p>\n<div class=\"wpforms-container wpforms-container-full\" id=\"wpforms-35\"><form id=\"wpforms-form-35\" class=\"wpforms-validate wpforms-form\" data-formid=\"35\" method=\"post\" enctype=\"multipart\/form-data\" action=\"\/es\/wp-json\/wp\/v2\/pages\/1792\"><div class=\"wpforms-field-container\"><div id=\"wpforms-35-field_0-container\" class=\"wpforms-field wpforms-field-name wpforms-one-half wpforms-first\" data-field-id=\"0\"><label class=\"wpforms-field-label\" for=\"wpforms-35-field_0\">Nombre <span class=\"wpforms-required-label\">*<\/span><\/label><input type=\"text\" id=\"wpforms-35-field_0\" class=\"wpforms-field-large wpforms-field-required\" name=\"wpforms[fields][0]\" required><\/div><div id=\"wpforms-35-field_6-container\" class=\"wpforms-field wpforms-field-text wpforms-one-half\" data-field-id=\"6\"><label class=\"wpforms-field-label\" for=\"wpforms-35-field_6\">Apellidos <span class=\"wpforms-required-label\">*<\/span><\/label><input type=\"text\" id=\"wpforms-35-field_6\" class=\"wpforms-field-medium wpforms-field-required\" name=\"wpforms[fields][6]\" required><\/div><div id=\"wpforms-35-field_1-container\" class=\"wpforms-field wpforms-field-email\" data-field-id=\"1\"><label class=\"wpforms-field-label\" for=\"wpforms-35-field_1\">Email <span class=\"wpforms-required-label\">*<\/span><\/label><input type=\"email\" id=\"wpforms-35-field_1\" class=\"wpforms-field-large wpforms-field-required\" name=\"wpforms[fields][1]\" required><\/div><div id=\"wpforms-35-field_4-container\" class=\"wpforms-field wpforms-field-text wpforms-one-third wpforms-first\" data-field-id=\"4\"><label class=\"wpforms-field-label\" for=\"wpforms-35-field_4\">C\u00f3digo Postal <span class=\"wpforms-required-label\">*<\/span><\/label><input type=\"text\" id=\"wpforms-35-field_4\" class=\"wpforms-field-large wpforms-field-required\" name=\"wpforms[fields][4]\" required><\/div><div id=\"wpforms-35-field_5-container\" class=\"wpforms-field wpforms-field-text wpforms-two-thirds\" data-field-id=\"5\"><label class=\"wpforms-field-label\" for=\"wpforms-35-field_5\">Poblaci\u00f3n <span class=\"wpforms-required-label\">*<\/span><\/label><input type=\"text\" id=\"wpforms-35-field_5\" class=\"wpforms-field-large wpforms-field-required\" name=\"wpforms[fields][5]\" required><\/div><div id=\"wpforms-35-field_3-container\" class=\"wpforms-field wpforms-field-checkbox\" data-field-id=\"3\"><ul id=\"wpforms-35-field_3\" class=\"wpforms-field-required\"><li class=\"choice-1 depth-1\"><input type=\"checkbox\" id=\"wpforms-35-field_3_1\" name=\"wpforms[fields][3][]\" value=\"Acepto la pol\u00edtica de privacidad*\" required ><label class=\"wpforms-field-label-inline\" for=\"wpforms-35-field_3_1\">Acepto la pol\u00edtica de privacidad*<\/label><\/li><\/ul><div class=\"wpforms-field-description\">Consulta la <a href=\"https:\/\/foodcoopbcn.cat\/es\/politica-privacidad\">Politica de privacidad<\/a><\/div><\/div><\/div><div class=\"wpforms-field wpforms-field-hp\"><label for=\"wpforms-35-field-hp\" class=\"wpforms-field-label\">Message<\/label><input type=\"text\" name=\"wpforms[hp]\" id=\"wpforms-35-field-hp\" class=\"wpforms-field-medium\"><\/div><div class=\"wpforms-submit-container\" ><input type=\"hidden\" name=\"wpforms[id]\" value=\"35\"><input type=\"hidden\" name=\"wpforms[author]\" value=\"2\"><button type=\"submit\" name=\"wpforms[submit]\" class=\"wpforms-submit \" id=\"wpforms-submit-35\" value=\"wpforms-submit\" data-alt-text=\"Enviando...\">ENVIAR<\/button><\/div><\/form><\/div>\n<p>[\/et_pb_text][\/et_pb_column][et_pb_column type=&#8221;1_3&#8243; _builder_version=&#8221;4.0.9&#8243;][\/et_pb_column][\/et_pb_row][\/et_pb_section][et_pb_section fb_built=&#8221;1&#8243; _builder_version=&#8221;4.0.9&#8243; custom_padding=&#8221;0px|||||&#8221;][et_pb_row _builder_version=&#8221;4.0.9&#8243; background_image=&#8221;https:\/\/foodcoopbcn.cat\/wp-content\/uploads\/ous22.png&#8221; background_size=&#8221;contain&#8221; background_repeat=&#8221;repeat-x&#8221; custom_padding=&#8221;79px||79px||true|false&#8221;][et_pb_column type=&#8221;4_4&#8243; _builder_version=&#8221;4.0.9&#8243;][et_pb_code _builder_version=&#8221;4.0.9&#8243;][\/et_pb_code][\/et_pb_column][\/et_pb_row][\/et_pb_section][et_pb_section fb_built=&#8221;1&#8243; _builder_version=&#8221;4.2.2&#8243; background_color=&#8221;#282828&#8243; custom_padding=&#8221;93px||||false|false&#8221; global_module=&#8221;5033&#8243;][et_pb_row column_structure=&#8221;1_5,1_5,1_5,1_5,1_5&#8243; use_custom_gutter=&#8221;on&#8221; gutter_width=&#8221;2&#8243; make_equal=&#8221;on&#8221; _builder_version=&#8221;4.2.2&#8243;][et_pb_column type=&#8221;1_5&#8243; _builder_version=&#8221;4.2.2&#8243;][et_pb_text content_tablet=&#8221;<\/p>\n<h4>HORARIS<\/h4>\n<p><strong>Dilluns<\/strong><br \/> De 15 h. a 21 h.<\/p>\n<p><strong>De dimarts a divendres<\/strong><br \/> De 10 h. a 21 h.<\/p>\n<p><strong>Dissabte<br \/> <\/strong>De 10 h. a 14 h.<\/p>\n<p>&#8221; content_phone=&#8221;<\/p>\n<h4 style=%22text-align: center;%22>~ HORARIS ~<\/h4>\n<p style=%22text-align: center;%22><strong>Dilluns<\/strong><br \/> De 15 h. a 21 h.<\/p>\n<p style=%22text-align: center;%22><strong>De dimarts a divendres<\/strong><br \/> De 10 h. a 21 h.<\/p>\n<p style=%22text-align: center;%22><strong>Dissabte<br \/> <\/strong>De 10 h. a 14 h.<\/p>\n<p>&#8221; content_last_edited=&#8221;on|phone&#8221; disabled_on=&#8221;on|on|off&#8221; admin_label=&#8221;Text&#8221; _builder_version=&#8221;4.2.2&#8243; text_text_color=&#8221;#ffffff&#8221; header_4_text_align=&#8221;left&#8221; header_4_text_color=&#8221;#ffffff&#8221; custom_css_main_element_last_edited=&#8221;on|tablet&#8221; custom_css_main_element_tablet=&#8221;-webkit-order: 2;||order: 2;&#8221;]<\/p>\n<h4 style=\"text-align: left;\">HORARIS<\/h4>\n<p><strong>Dilluns<\/strong><br \/> De 15 h. a 21 h.<\/p>\n<p><strong>De dimarts a divendres<\/strong><br \/> De 10 h. a 21 h.<\/p>\n<p><strong>Dissabte<br \/> <\/strong>De 10 h. a 14 h.<\/p>\n<p>[\/et_pb_text][\/et_pb_column][et_pb_column type=&#8221;1_5&#8243; disabled_on=&#8221;off|off|off&#8221; _builder_version=&#8221;4.2.2&#8243;][et_pb_text content_tablet=&#8221;&#8221; content_phone=&#8221;&#8221; content_last_edited=&#8221;on|desktop&#8221; disabled_on=&#8221;on|on|off&#8221; admin_label=&#8221;Text&#8221; _builder_version=&#8221;4.2.2&#8243; header_4_text_align=&#8221;left&#8221; header_4_text_color=&#8221;#ffffff&#8221; height_tablet=&#8221;0px&#8221; height_phone=&#8221;0px&#8221; height_last_edited=&#8221;on|phone&#8221; overflow-x=&#8221;hidden&#8221; overflow-y=&#8221;hidden&#8221; custom_margin_tablet=&#8221;&#8221; custom_margin_phone=&#8221;||0px||false|false&#8221; custom_margin_last_edited=&#8221;on|phone&#8221; custom_padding_tablet=&#8221;||0px||false|false&#8221; custom_padding_phone=&#8221;||0px||false|false&#8221; custom_padding_last_edited=&#8221;on|tablet&#8221;]<\/p>\n<h4 style=\"text-align: left;\">SEGUEIX-NOS!<\/h4>\n<p><a href=\"https:\/\/facebook.com\/FoodCoopBCN\/\" target=\"_blank\" rel=\"noopener noreferrer\"><img decoding=\"async\" src=\"https:\/\/foodcoopbcn.cat\/wp-content\/uploads\/icons8-facebook-50.png\" width=\"40\" \/><\/a><a href=\"https:\/\/t.me\/holafoodcoopbcn\" target=\"_blank\" rel=\"noopener noreferrer\"> <img decoding=\"async\" src=\"https:\/\/foodcoopbcn.cat\/wp-content\/uploads\/icons8-telegram-app-50-2.png\" width=\"40\" \/><\/a><a href=\"https:\/\/twitter.com\/FoodCoopBCN\" target=\"_blank\" rel=\"noopener noreferrer\"> <img decoding=\"async\" src=\"https:\/\/foodcoopbcn.cat\/wp-content\/uploads\/icons8-twitter-circled-50.png\" width=\"40\" \/><\/a><a href=\"https:\/\/www.instagram.com\/foodcoopbcn\/\" target=\"_blank\" rel=\"noopener noreferrer\"> <img decoding=\"async\" src=\"https:\/\/foodcoopbcn.cat\/wp-content\/uploads\/icons8-instagram-50.png\" width=\"40\" \/><\/a> <a class=\"footer__links\" href=\"mailto: hola@foodcoopbcn.cat\">hola@foodcoopbcn.cat<\/a><\/p>\n<p>[\/et_pb_text][\/et_pb_column][et_pb_column type=&#8221;1_5&#8243; _builder_version=&#8221;4.2.2&#8243;][et_pb_text content_tablet=&#8221;<\/p>\n<h4>VISITA&#8217;NS!<\/h4>\n<p><span>Ptge. d&#8217;Arag\u00f3, 9<\/span><br \/> <span>08011 Barcelona<\/span><br \/> <span><strong>tel. 930 32 24 96<\/strong><\/span><\/p>\n<p>&#8221; content_phone=&#8221;<\/p>\n<h4 style=%22text-align: center;%22>\ud83d\udccdVISITA&#8217;NS!<\/h4>\n<p style=%22text-align: center;%22><span>Ptge. d&#8217;Arag\u00f3, 9<\/span><br \/> <span>08011 Barcelona<\/span><br \/> <span><strong>tel. 930 32 24 96<\/strong><\/span><\/p>\n<p>&#8221; content_last_edited=&#8221;on|phone&#8221; admin_label=&#8221;Text&#8221; _builder_version=&#8221;4.2.2&#8243; text_text_color=&#8221;#ffffff&#8221; header_4_text_align=&#8221;left&#8221; header_4_text_color=&#8221;#ffffff&#8221; custom_css_main_element_last_edited=&#8221;on|tablet&#8221; custom_css_main_element_tablet=&#8221;-webkit-order: 1;||order: 1;&#8221;]<\/p>\n<h4 style=\"text-align: left;\">VISITA&#8217;NS!<\/h4>\n<p><span>Ptge. d&#8217;Arag\u00f3, 9<\/span><br \/> <span>08011 Barcelona<\/span><br \/> <span><strong>tel. 930 32 24 96<\/strong><\/span><\/p>\n<p>[\/et_pb_text][\/et_pb_column][et_pb_column type=&#8221;1_5&#8243; _builder_version=&#8221;4.2.2&#8243;][et_pb_text content_tablet=&#8221;<\/p>\n<h4>SUBSCRIU-TE AL BUTLLET\u00cd!<\/h4>\n<p style=%22text-align: center;%22>\n&#8221; content_phone=&#8221;<\/p>\n<h4 style=%22text-align: center;%22>SUBSCRIU-TE AL BUTLLET\u00cd!<\/h4>\n<p style=%22text-align: center;%22>\n&#8221; content_last_edited=&#8221;on|desktop&#8221; _builder_version=&#8221;4.2.2&#8243; header_4_text_align=&#8221;left&#8221; header_4_text_color=&#8221;#ffffff&#8221; custom_margin_tablet=&#8221;40px||||false|false&#8221; custom_margin_phone=&#8221;20px||2px||false|false&#8221; custom_margin_last_edited=&#8221;on|tablet&#8221;]<\/p>\n<h4>SUBSCRIU-TE AL BUTLLET\u00cd!<\/h4>\n<p style=\"text-align: center;\">[\/et_pb_text][et_pb_button button_url=&#8221;@ET-DC@eyJkeW5hbWljIjp0cnVlLCJjb250ZW50IjoicG9zdF9saW5rX3VybF9wYWdlIiwic2V0dGluZ3MiOnsicG9zdF9pZCI6IjE3OTIifX0=@&#8221; button_text=&#8221;REGISTRA&#8217;T&#8221; button_alignment_tablet=&#8221;&#8221; button_alignment_phone=&#8221;center&#8221; button_alignment_last_edited=&#8221;on|phone&#8221; module_class=&#8221;popmake-newsletter&#8221; _builder_version=&#8221;4.2.2&#8243; _dynamic_attributes=&#8221;button_url&#8221;][\/et_pb_button][\/et_pb_column][et_pb_column type=&#8221;1_5&#8243; _builder_version=&#8221;4.2.2&#8243;][et_pb_text content_tablet=&#8221;<\/p>\n<h4>POT SER DEL TEU INTER\u00c8S<\/h4>\n<p><a class=%22footer__links%22 href=%22https:\/\/foodcoopbcn.cat\/wp-content\/uploads\/Estatuts-Foodcoop-oct2019.pdf%22 data-et-target-link=%22_blank%22 rel=%22noopener noreferrer%22>Estatuts<\/a><br \/> <a class=%22footer__links%22 href=%22https:\/\/foodcoopbcn.cat\/wp-content\/uploads\/memoria_foodcoopbcn_2021.pdf%22 data-et-target-link=%22_blank%22 rel=%22noopener noreferrer%22>Mem\u00f2ria<\/a><br \/> <a class=%22footer__links%22 href=%22https:\/\/foodcoopbcn.cat\/es\/faqs\/%22>Preguntes freq\u00fcents<\/a><br \/> <a class=%22footer__links%22 href=%22https:\/\/foodcoopbcn.cat\/wp-content\/uploads\/balanc_social-21.pdf%22>Balan\u00e7 social<\/a><br \/> <a class=%22footer__links%22 href=%22https:\/\/foodcoopbcn.cat\/es\/aviso-legal\/%22>Av\u00eds legal<\/a><br \/> <a class=%22footer__links%22 href=%22https:\/\/foodcoopbcn.cat\/es\/politica-privacidad\/%22>Pol\u00edtica de privacitat<\/a> <br \/><a class=%22footer__links%22 href=%22https:\/\/foodcoopbcn.cat\/es\/politica-cookies\/%22>Pol\u00edtica de cookies<\/a><\/p>\n<p style=%22text-align: center;%22>\n&#8221; content_phone=&#8221;<\/p>\n<h4 style=%22text-align: center;%22>\ud83d\udcd6 POT SER DEL TEU INTER\u00c8S<\/h4>\n<p style=%22text-align: center;%22><a class=%22footer__links%22 href=%22https:\/\/foodcoopbcn.cat\/wp-content\/uploads\/Estatuts-Foodcoop-oct2019.pdf%22 data-et-target-link=%22_blank%22 rel=%22noopener noreferrer%22>Estatuts<\/a><br \/> <a class=%22footer__links%22 href=%22https:\/\/foodcoopbcn.cat\/wp-content\/uploads\/memoria_foodcoopbcn_2021.pdf%22 data-et-target-link=%22_blank%22 rel=%22noopener noreferrer%22>Mem\u00f2ria<\/a><br \/> <a class=%22footer__links%22 href=%22https:\/\/foodcoopbcn.cat\/es\/faqs\/%22>Preguntes freq\u00fcents<\/a><br \/> <a class=%22footer__links%22 href=%22https:\/\/foodcoopbcn.cat\/wp-content\/uploads\/balanc_social-21.pdf%22>Balan\u00e7 social<\/a><br \/> <a class=%22footer__links%22 href=%22https:\/\/foodcoopbcn.cat\/es\/aviso-legal\/%22>Av\u00eds legal<\/a><br \/> <a class=%22footer__links%22 href=%22https:\/\/foodcoopbcn.cat\/es\/politica-privacidad\/%22>Pol\u00edtica de privacitat<\/a><br \/> <a class=%22footer__links%22 href=%22https:\/\/foodcoopbcn.cat\/es\/politica-cookies\/%22>Pol\u00edtica de cookies<\/a><\/p>\n<p style=%22text-align: center;%22>\n&#8221; content_last_edited=&#8221;on|desktop&#8221; admin_label=&#8221;Text&#8221; _builder_version=&#8221;4.2.2&#8243; header_4_text_align=&#8221;left&#8221; header_4_text_color=&#8221;#ffffff&#8221; custom_margin_tablet=&#8221;-75px||||false|false&#8221; custom_margin_phone=&#8221;40px||||false|false&#8221; custom_margin_last_edited=&#8221;on|tablet&#8221; custom_css_main_element_last_edited=&#8221;on|tablet&#8221; custom_css_main_element_tablet=&#8221;-webkit-order: 3;||order: 3;&#8221;]<\/p>\n<h4 style=\"text-align: left;\">POT SER DEL TEU INTER\u00c8S<\/h4>\n<p><a class=\"footer__links\" href=\"https:\/\/foodcoopbcn.cat\/wp-content\/uploads\/Estatuts-Foodcoop-oct2019.pdf\" target=\"_blank\" rel=\"noopener noreferrer\">Estatuts<\/a><br \/> <a class=\"footer__links\" href=\"https:\/\/foodcoopbcn.cat\/wp-content\/uploads\/memoria_foodcoopbcn_2021.pdf\" target=\"_blank\" rel=\"noopener noreferrer\">Mem\u00f2ria<\/a><br \/> <a class=\"footer__links\" href=\"https:\/\/foodcoopbcn.cat\/es\/faqs\/\">Preguntes freq\u00fcents<\/a><br \/> <a class=\"footer__links\" href=\"https:\/\/foodcoopbcn.cat\/wp-content\/uploads\/balanc_social-21.pdf\">Balan\u00e7 social<\/a><br \/> <a class=\"footer__links\" href=\"https:\/\/foodcoopbcn.cat\/es\/aviso-legal\/\">Av\u00eds legal<\/a><br \/> <a class=\"footer__links\" href=\"https:\/\/foodcoopbcn.cat\/es\/politica-privacidad\/\">Pol\u00edtica de privacitat<\/a> <br \/><a class=\"footer__links\" href=\"https:\/\/foodcoopbcn.cat\/es\/politica-cookies\/\">Pol\u00edtica de cookies<\/a><\/p>\n<p style=\"text-align: center;\">[\/et_pb_text][\/et_pb_column][\/et_pb_row][\/et_pb_section]<\/p>\n","protected":false},"excerpt":{"rendered":"<p>\u00a1Subscr\u00edbete al bolet\u00edn!<div class=\"wpforms-container wpforms-container-full\" id=\"wpforms-35\"><form id=\"wpforms-form-35\" class=\"wpforms-validate wpforms-form\" data-formid=\"35\" method=\"post\" enctype=\"multipart\/form-data\" action=\"\/es\/wp-json\/wp\/v2\/pages\/1792\"><div class=\"wpforms-field-container\"><div id=\"wpforms-35-field_0-container\" class=\"wpforms-field wpforms-field-name wpforms-one-half wpforms-first\" data-field-id=\"0\"><label class=\"wpforms-field-label\" for=\"wpforms-35-field_0\">Nombre <span class=\"wpforms-required-label\">*<\/span><\/label><input type=\"text\" id=\"wpforms-35-field_0\" class=\"wpforms-field-large wpforms-field-required\" name=\"wpforms[fields][0]\" required><\/div><div id=\"wpforms-35-field_6-container\" class=\"wpforms-field wpforms-field-text wpforms-one-half\" data-field-id=\"6\"><label class=\"wpforms-field-label\" for=\"wpforms-35-field_6\">Apellidos <span class=\"wpforms-required-label\">*<\/span><\/label><input type=\"text\" id=\"wpforms-35-field_6\" class=\"wpforms-field-medium wpforms-field-required\" name=\"wpforms[fields][6]\" required><\/div><div id=\"wpforms-35-field_1-container\" class=\"wpforms-field wpforms-field-email\" data-field-id=\"1\"><label class=\"wpforms-field-label\" for=\"wpforms-35-field_1\">Email <span class=\"wpforms-required-label\">*<\/span><\/label><input type=\"email\" id=\"wpforms-35-field_1\" class=\"wpforms-field-large wpforms-field-required\" name=\"wpforms[fields][1]\" required><\/div><div id=\"wpforms-35-field_4-container\" class=\"wpforms-field wpforms-field-text wpforms-one-third wpforms-first\" data-field-id=\"4\"><label class=\"wpforms-field-label\" for=\"wpforms-35-field_4\">C\u00f3digo Postal <span class=\"wpforms-required-label\">*<\/span><\/label><input type=\"text\" id=\"wpforms-35-field_4\" class=\"wpforms-field-large wpforms-field-required\" name=\"wpforms[fields][4]\" required><\/div><div id=\"wpforms-35-field_5-container\" class=\"wpforms-field wpforms-field-text wpforms-two-thirds\" data-field-id=\"5\"><label class=\"wpforms-field-label\" for=\"wpforms-35-field_5\">Poblaci\u00f3n <span class=\"wpforms-required-label\">*<\/span><\/label><input type=\"text\" id=\"wpforms-35-field_5\" class=\"wpforms-field-large wpforms-field-required\" name=\"wpforms[fields][5]\" required><\/div><div id=\"wpforms-35-field_3-container\" class=\"wpforms-field wpforms-field-checkbox\" data-field-id=\"3\"><ul id=\"wpforms-35-field_3\" class=\"wpforms-field-required\"><li class=\"choice-1 depth-1\"><input type=\"checkbox\" id=\"wpforms-35-field_3_1\" name=\"wpforms[fields][3][]\" value=\"Acepto la pol\u00edtica de privacidad*\" required ><label class=\"wpforms-field-label-inline\" for=\"wpforms-35-field_3_1\">Acepto la pol\u00edtica de privacidad*<\/label><\/li><\/ul><div class=\"wpforms-field-description\">Consulta la <a href=\"https:\/\/foodcoopbcn.cat\/es\/politica-privacidad\">Politica de privacidad<\/a><\/div><\/div><\/div><div class=\"wpforms-field wpforms-field-hp\"><label for=\"wpforms-35-field-hp\" class=\"wpforms-field-label\">Email<\/label><input type=\"text\" name=\"wpforms[hp]\" id=\"wpforms-35-field-hp\" class=\"wpforms-field-medium\"><\/div><div class=\"wpforms-submit-container\" ><input type=\"hidden\" name=\"wpforms[id]\" value=\"35\"><input type=\"hidden\" name=\"wpforms[author]\" value=\"2\"><button type=\"submit\" name=\"wpforms[submit]\" class=\"wpforms-submit \" id=\"wpforms-submit-35\" value=\"wpforms-submit\" data-alt-text=\"Enviando...\">ENVIAR<\/button><\/div><\/form><\/div>HORARIS Dilluns De 15 h. a 21 h. De dimarts a divendres De 10 h. a 21 h. Dissabte De 10 h. a 14 h.SEGUEIX-NOS! hola@foodcoopbcn.catVISITA&#8217;NS! Ptge. d&#8217;Arag\u00f3, 9 08011 Barcelona tel. 930 32 24 96SUBSCRIU-TE AL BUTLLET\u00cd! POT SER DEL TEU INTER\u00c8S Estatuts Mem\u00f2ria Preguntes freq\u00fcents Balan\u00e7 social Av\u00eds legal Pol\u00edtica [&hellip;]<\/p>\n","protected":false},"author":2,"featured_media":176,"parent":0,"menu_order":6,"comment_status":"closed","ping_status":"closed","template":"","meta":{"_et_pb_use_builder":"on","_et_pb_old_content":"","_et_gb_content_width":"","footnotes":""},"class_list":["post-1792","page","type-page","status-publish","has-post-thumbnail","hentry"],"_links":{"self":[{"href":"https:\/\/foodcoopbcn.cat\/es\/wp-json\/wp\/v2\/pages\/1792","targetHints":{"allow":["GET"]}}],"collection":[{"href":"https:\/\/foodcoopbcn.cat\/es\/wp-json\/wp\/v2\/pages"}],"about":[{"href":"https:\/\/foodcoopbcn.cat\/es\/wp-json\/wp\/v2\/types\/page"}],"author":[{"embeddable":true,"href":"https:\/\/foodcoopbcn.cat\/es\/wp-json\/wp\/v2\/users\/2"}],"replies":[{"embeddable":true,"href":"https:\/\/foodcoopbcn.cat\/es\/wp-json\/wp\/v2\/comments?post=1792"}],"version-history":[{"count":1,"href":"https:\/\/foodcoopbcn.cat\/es\/wp-json\/wp\/v2\/pages\/1792\/revisions"}],"predecessor-version":[{"id":5091,"href":"https:\/\/foodcoopbcn.cat\/es\/wp-json\/wp\/v2\/pages\/1792\/revisions\/5091"}],"wp:featuredmedia":[{"embeddable":true,"href":"https:\/\/foodcoopbcn.cat\/es\/wp-json\/wp\/v2\/media\/176"}],"wp:attachment":[{"href":"https:\/\/foodcoopbcn.cat\/es\/wp-json\/wp\/v2\/media?parent=1792"}],"curies":[{"name":"wp","href":"https:\/\/api.w.org\/{rel}","templated":true}]}}