{"id":214,"date":"2019-12-14T17:11:57","date_gmt":"2019-12-14T17:11:57","guid":{"rendered":"https:\/\/foodcoopbcn.cat\/politica-de-cookies\/"},"modified":"2022-10-17T10:32:09","modified_gmt":"2022-10-17T08:32:09","slug":"politica-cookies","status":"publish","type":"page","link":"https:\/\/foodcoopbcn.cat\/es\/politica-cookies\/","title":{"rendered":"Pol\u00edtica de Cookies"},"content":{"rendered":"<p>[et_pb_section fb_built=&#8221;1&#8243; _builder_version=&#8221;4.0.9&#8243;][et_pb_row _builder_version=&#8221;4.0.9&#8243;][et_pb_column type=&#8221;4_4&#8243; _builder_version=&#8221;4.0.9&#8243;][et_pb_text _builder_version=&#8221;4.0.9&#8243; header_font_size=&#8221;50px&#8221; header_font_size_tablet=&#8221;40px&#8221; header_font_size_phone=&#8221;30px&#8221; header_font_size_last_edited=&#8221;on|phone&#8221;]<\/p>\n<h1>Pol\u00edtica de cookies<\/h1>\n<p>[\/et_pb_text][\/et_pb_column][\/et_pb_row][\/et_pb_section][et_pb_section fb_built=&#8221;1&#8243; _builder_version=&#8221;4.0.9&#8243;][et_pb_row _builder_version=&#8221;4.0.9&#8243;][et_pb_column type=&#8221;4_4&#8243; _builder_version=&#8221;4.0.9&#8243;][et_pb_text admin_label=&#8221;Text&#8221; _builder_version=&#8221;4.2.2&#8243;]<\/p>\n<p>En esta web recopilamos y utilizamos la informaci\u00f3n seg\u00fan se indica en la pol\u00edtica de privacidad. Una de las formas mediante la cual recopilamos informaci\u00f3n es a trav\u00e9s del uso de la tecnolog\u00eda llamada \u201ccookies\u201d. En Food Coop BCN se utilizan cookies para varias cosas.<\/p>\n<h3><strong>\u00bfQu\u00e9 es una cookie?<\/strong><\/h3>\n<p>Una \u201ccookie\u201d es una peque\u00f1a cantidad de texto que se almacena en tu navegador (como Chrome de Google o Safari de Apple) cuando navegas por la mayor\u00eda de los sitios web.<\/p>\n<h3><strong>\u00bfQu\u00e9 NO es una cookie?<\/strong><\/h3>\n<p>No es un virus, ni un troyano, ni un gusano, ni spam, ni spyware, ni abre ventanas pop-up.<\/p>\n<h3><strong>\u00bfQu\u00e9 informaci\u00f3n almacena una cookie?<\/strong><\/h3>\n<p>Las cookies no acostumbran a almacenar informaci\u00f3n sensible sobre t\u00ed, como tarjetas de cr\u00e9dito o datos bancarios, fotograf\u00edas o informaci\u00f3n personal, etc. Los datos que guardan son de car\u00e1cter t\u00e9cnico, estad\u00edstico, preferencias personales, personalizaci\u00f3n de contenidos, etc.<\/p>\n<p>El servidor web no te asocia a t\u00ed como persona sino a tu navegador web. De hecho, si navegas habitualmente con el navegador Chrome y pruebas a navegar por la misma web con el navegador Firefox, ver\u00e1s que la web no se da cuenta que eres t\u00fa la misma persona porque en realidad est\u00e1 asociando la informaci\u00f3n al navegador, no a la persona.<\/p>\n<h3><strong>\u00bfQu\u00e9 tipos de cookies existen?<\/strong><\/h3>\n<ul>\n<li>Cookies t\u00e9cnicas: Son las m\u00e1s elementales y permiten, entre otras cosas, saber cuando est\u00e1 navegando un humano o una aplicaci\u00f3n automatizada, cuando navega un usuario an\u00f3nimo y un registrado, tareas b\u00e1sicas para el funcionamiento de cualquier web din\u00e1mica.<\/li>\n<li>Cookies de an\u00e1lisis: Recogen informaci\u00f3n sobre el tipo de navegaci\u00f3n que est\u00e1 realizando, las secciones que m\u00e1s utiliza, productos consultados, franja horaria de uso, idioma, etc..<\/li>\n<li>Cookies publicitarias: Muestran publicidad en funci\u00f3n de su navegaci\u00f3n, su pa\u00eds de procedencia, idioma, etc.<\/li>\n<\/ul>\n<h3><strong>\u00bfQu\u00e9 son las cookies propias y las de terceros?<\/strong><\/h3>\n<p>Las cookies propias son las generadas por la p\u00e1gina que est\u00e1 visitando y las de terceros son las generadas por servicios o proveedores externos como Mailchimp, Mailrelay, Facebook, Twitter, Google adsense, etc.<\/p>\n<h3><strong>\u00bfQu\u00e9 cookies utiliza esta web?<\/strong><\/h3>\n<p>Esta web utiliza cookies propias y de terceros. En este sitio web se utilizan las siguientes cookies que se detallan a continuaci\u00f3n:<\/p>\n<h4><strong>Cookies propias:<\/strong><\/h4>\n<ul>\n<li>Personalizaci\u00f3n: Las cookies me ayudan a recordar con qu\u00e9 personas o sitios web has interactuado, porque pueda mostrarte contenido relacionado.<\/li>\n<li>Preferencias: Las cookies me permiten recordar tus ajustes y preferencias, como el idioma preferido y tu configuraci\u00f3n de privacidad.<\/li>\n<li>Seguridad: Utilizo cookies para evitarte riesgos de seguridad.<\/li>\n<\/ul>\n<h4><strong>Cookies de terceros:<\/strong><\/h4>\n<p>Esta web utiliza servicios de an\u00e1lisis, concretamente, Google Analytics para ayudar al website a analizar el uso que hacen los usuarios del sitio web y mejorar la usabilitat de este, pero en ning\u00fan caso se asocian a datos que pudieran llegar a identificar al usuario. Google Analytics, es un servicio anal\u00edtico de web prestado por Google, Inc., El usuario puede consultar aqu\u00ed el tipo de cookies utilizadas por Google.<\/p>\n<p>Las cookies de redes sociales pueden almacenarse en su navegador mientras navega por la web de Food Coop BCN, por ejemplo, cuando utiliza el bot\u00f3n de compartir contenidos a alguna red social.<\/p>\n<p>Puedes consultar en cada perfil social el tipo de cookies que se almacenan.<\/p>\n<h3><strong>\u00bfSe pueden eliminar las cookies?<\/strong><\/h3>\n<p>S\u00ed, y no s\u00f3lo eliminar, tambi\u00e9n bloquear, de forma general o particular para un dominio espec\u00edfico.<\/p>\n<p>Para eliminar las cookies de un sitio web tiene que ir a la configuraci\u00f3n de su navegador y all\u00ed podr\u00e1 buscar las asociadas en el dominio en cuesti\u00f3n y proceder a su eliminaci\u00f3n.<\/p>\n<ul>\n<li>\n<p><a href=\"https:\/\/support.google.com\/chrome\/answer\/95647?co=GENIE.Platform%3DDesktop&amp;hl=es\" target=\"_blank\" rel=\"noopener\">Configuraci\u00f3n de cookies para Google Chrome<\/a><\/p>\n<\/li>\n<li>\n<p><a href=\"https:\/\/support.apple.com\/es-es\/guide\/safari\/sfri11471\/mac\" target=\"_blank\" rel=\"noopener\">Configuraci\u00f3n de cookies para Apple Safari<\/a><\/p>\n<\/li>\n<li>\n<p><a href=\"https:\/\/support.microsoft.com\/es-es\/windows\/eliminar-y-administrar-cookies-168dab11-0753-043d-7c16-ede5947fc64d\" target=\"_blank\" rel=\"noopener\">Configuraci\u00f3n de cookies para Internet Explorer<\/a><\/p>\n<\/li>\n<li><a href=\"https:\/\/support.microsoft.com\/es-es\/microsoft-edge\/eliminar-las-cookies-en-microsoft-edge-63947406-40ac-c3b8-57b9-2a946a29ae09\" target=\"_blank\" rel=\"noopener\">Configuraci\u00f3n de cookies para Microsoft Edge<\/a><\/li>\n<li>\n<p><a href=\"https:\/\/support.mozilla.org\/es\/kb\/cookies-informacion-que-los-sitios-web-guardan-en-\" target=\"_blank\" rel=\"noopener\">Configuraci\u00f3n de cookies para Mozilla Firefox<\/a><\/p>\n<\/li>\n<\/ul>\n<p>Si lo deseas, puedes inhabilitar el seguimiento de Google Analytics mediante este complemento para el navegador ofrecido por Google.<\/p>\n<h3><strong>M\u00e1s informaci\u00f3n sobre las cookies<\/strong><\/h3>\n<p>Puedes consultar el reglamento sobre cookies publicado por la Agencia Espa\u00f1ola de Protecci\u00f3n de Datos en su \u201cGu\u00eda sobre el uso de las cookies\u201d y obtener m\u00e1s informaci\u00f3n sobre las cookies en Internet http:\/\/www.aboutcookies.org\/<\/p>\n<p>Si deseas tener un mayor control sobre la instalaci\u00f3n de cookies, puedes instalar programas o complementos en su navegador, conocidos como herramientas de \u201cDon Not Track\u201d, que te permitir\u00e1n escoger aquellas cookies que deseas permitir.<\/p>\n<p>[\/et_pb_text][\/et_pb_column][\/et_pb_row][\/et_pb_section][et_pb_section fb_built=&#8221;1&#8243; _builder_version=&#8221;4.2.2&#8243; background_color=&#8221;#282828&#8243; custom_padding=&#8221;93px||||false|false&#8221; global_module=&#8221;5033&#8243;][et_pb_row column_structure=&#8221;1_5,1_5,1_5,1_5,1_5&#8243; use_custom_gutter=&#8221;on&#8221; gutter_width=&#8221;2&#8243; make_equal=&#8221;on&#8221; _builder_version=&#8221;4.2.2&#8243;][et_pb_column type=&#8221;1_5&#8243; _builder_version=&#8221;4.2.2&#8243;][et_pb_text content_tablet=&#8221;<\/p>\n<h4>HORARIS<\/h4>\n<p><strong>Dilluns<\/strong><br \/> De 15 h. a 21 h.<\/p>\n<p><strong>De dimarts a divendres<\/strong><br \/> De 10 h. a 21 h.<\/p>\n<p><strong>Dissabte<br \/> <\/strong>De 10 h. a 14 h.<\/p>\n<p>&#8221; content_phone=&#8221;<\/p>\n<h4 style=%22text-align: center;%22>~ HORARIS ~<\/h4>\n<p style=%22text-align: center;%22><strong>Dilluns<\/strong><br \/> De 15 h. a 21 h.<\/p>\n<p style=%22text-align: center;%22><strong>De dimarts a divendres<\/strong><br \/> De 10 h. a 21 h.<\/p>\n<p style=%22text-align: center;%22><strong>Dissabte<br \/> <\/strong>De 10 h. a 14 h.<\/p>\n<p>&#8221; content_last_edited=&#8221;on|phone&#8221; disabled_on=&#8221;on|on|off&#8221; admin_label=&#8221;Text&#8221; _builder_version=&#8221;4.2.2&#8243; text_text_color=&#8221;#ffffff&#8221; header_4_text_align=&#8221;left&#8221; header_4_text_color=&#8221;#ffffff&#8221; custom_css_main_element_last_edited=&#8221;on|tablet&#8221; custom_css_main_element_tablet=&#8221;-webkit-order: 2;||order: 2;&#8221;]<\/p>\n<h4 style=\"text-align: left;\">HORARIS<\/h4>\n<p><strong>Dilluns<\/strong><br \/> De 15 h. a 21 h.<\/p>\n<p><strong>De dimarts a divendres<\/strong><br \/> De 10 h. a 21 h.<\/p>\n<p><strong>Dissabte<br \/> <\/strong>De 10 h. a 14 h.<\/p>\n<p>[\/et_pb_text][\/et_pb_column][et_pb_column type=&#8221;1_5&#8243; disabled_on=&#8221;off|off|off&#8221; _builder_version=&#8221;4.2.2&#8243;][et_pb_text content_tablet=&#8221;&#8221; content_phone=&#8221;&#8221; content_last_edited=&#8221;on|desktop&#8221; disabled_on=&#8221;on|on|off&#8221; admin_label=&#8221;Text&#8221; _builder_version=&#8221;4.2.2&#8243; header_4_text_align=&#8221;left&#8221; header_4_text_color=&#8221;#ffffff&#8221; height_tablet=&#8221;0px&#8221; height_phone=&#8221;0px&#8221; height_last_edited=&#8221;on|phone&#8221; overflow-x=&#8221;hidden&#8221; overflow-y=&#8221;hidden&#8221; custom_margin_tablet=&#8221;&#8221; custom_margin_phone=&#8221;||0px||false|false&#8221; custom_margin_last_edited=&#8221;on|phone&#8221; custom_padding_tablet=&#8221;||0px||false|false&#8221; custom_padding_phone=&#8221;||0px||false|false&#8221; custom_padding_last_edited=&#8221;on|tablet&#8221;]<\/p>\n<h4 style=\"text-align: left;\">SEGUEIX-NOS!<\/h4>\n<p><a href=\"https:\/\/facebook.com\/FoodCoopBCN\/\" target=\"_blank\" rel=\"noopener noreferrer\"><img decoding=\"async\" src=\"https:\/\/foodcoopbcn.cat\/wp-content\/uploads\/icons8-facebook-50.png\" width=\"40\" \/><\/a><a href=\"https:\/\/t.me\/holafoodcoopbcn\" target=\"_blank\" rel=\"noopener noreferrer\"> <img decoding=\"async\" src=\"https:\/\/foodcoopbcn.cat\/wp-content\/uploads\/icons8-telegram-app-50-2.png\" width=\"40\" \/><\/a><a href=\"https:\/\/twitter.com\/FoodCoopBCN\" target=\"_blank\" rel=\"noopener noreferrer\"> <img decoding=\"async\" src=\"https:\/\/foodcoopbcn.cat\/wp-content\/uploads\/icons8-twitter-circled-50.png\" width=\"40\" \/><\/a><a href=\"https:\/\/www.instagram.com\/foodcoopbcn\/\" target=\"_blank\" rel=\"noopener noreferrer\"> <img decoding=\"async\" src=\"https:\/\/foodcoopbcn.cat\/wp-content\/uploads\/icons8-instagram-50.png\" width=\"40\" \/><\/a> <a class=\"footer__links\" href=\"mailto: hola@foodcoopbcn.cat\">hola@foodcoopbcn.cat<\/a><\/p>\n<p>[\/et_pb_text][\/et_pb_column][et_pb_column type=&#8221;1_5&#8243; _builder_version=&#8221;4.2.2&#8243;][et_pb_text content_tablet=&#8221;<\/p>\n<h4>VISITA&#8217;NS!<\/h4>\n<p><span>Ptge. d&#8217;Arag\u00f3, 9<\/span><br \/> <span>08011 Barcelona<\/span><br \/> <span><strong>tel. 930 32 24 96<\/strong><\/span><\/p>\n<p>&#8221; content_phone=&#8221;<\/p>\n<h4 style=%22text-align: center;%22>\ud83d\udccdVISITA&#8217;NS!<\/h4>\n<p style=%22text-align: center;%22><span>Ptge. d&#8217;Arag\u00f3, 9<\/span><br \/> <span>08011 Barcelona<\/span><br \/> <span><strong>tel. 930 32 24 96<\/strong><\/span><\/p>\n<p>&#8221; content_last_edited=&#8221;on|phone&#8221; admin_label=&#8221;Text&#8221; _builder_version=&#8221;4.2.2&#8243; text_text_color=&#8221;#ffffff&#8221; header_4_text_align=&#8221;left&#8221; header_4_text_color=&#8221;#ffffff&#8221; custom_css_main_element_last_edited=&#8221;on|tablet&#8221; custom_css_main_element_tablet=&#8221;-webkit-order: 1;||order: 1;&#8221;]<\/p>\n<h4 style=\"text-align: left;\">VISITA&#8217;NS!<\/h4>\n<p><span>Ptge. d&#8217;Arag\u00f3, 9<\/span><br \/> <span>08011 Barcelona<\/span><br \/> <span><strong>tel. 930 32 24 96<\/strong><\/span><\/p>\n<p>[\/et_pb_text][\/et_pb_column][et_pb_column type=&#8221;1_5&#8243; _builder_version=&#8221;4.2.2&#8243;][et_pb_text content_tablet=&#8221;<\/p>\n<h4>SUBSCRIU-TE AL BUTLLET\u00cd!<\/h4>\n<p style=%22text-align: center;%22>\n&#8221; content_phone=&#8221;<\/p>\n<h4 style=%22text-align: center;%22>SUBSCRIU-TE AL BUTLLET\u00cd!<\/h4>\n<p style=%22text-align: center;%22>\n&#8221; content_last_edited=&#8221;on|desktop&#8221; _builder_version=&#8221;4.2.2&#8243; header_4_text_align=&#8221;left&#8221; header_4_text_color=&#8221;#ffffff&#8221; custom_margin_tablet=&#8221;40px||||false|false&#8221; custom_margin_phone=&#8221;20px||2px||false|false&#8221; custom_margin_last_edited=&#8221;on|tablet&#8221;]<\/p>\n<h4>SUBSCRIU-TE AL BUTLLET\u00cd!<\/h4>\n<p style=\"text-align: center;\">[\/et_pb_text][et_pb_button button_url=&#8221;@ET-DC@eyJkeW5hbWljIjp0cnVlLCJjb250ZW50IjoicG9zdF9saW5rX3VybF9wYWdlIiwic2V0dGluZ3MiOnsicG9zdF9pZCI6IjE3OTIifX0=@&#8221; button_text=&#8221;REGISTRA&#8217;T&#8221; button_alignment_tablet=&#8221;&#8221; button_alignment_phone=&#8221;center&#8221; button_alignment_last_edited=&#8221;on|phone&#8221; module_class=&#8221;popmake-newsletter&#8221; _builder_version=&#8221;4.2.2&#8243; _dynamic_attributes=&#8221;button_url&#8221;][\/et_pb_button][\/et_pb_column][et_pb_column type=&#8221;1_5&#8243; _builder_version=&#8221;4.2.2&#8243;][et_pb_text content_tablet=&#8221;<\/p>\n<h4>POT SER DEL TEU INTER\u00c8S<\/h4>\n<p><a class=%22footer__links%22 href=%22https:\/\/foodcoopbcn.cat\/wp-content\/uploads\/Estatuts-Foodcoop-oct2019.pdf%22 data-et-target-link=%22_blank%22 rel=%22noopener noreferrer%22>Estatuts<\/a><br \/> <a class=%22footer__links%22 href=%22https:\/\/foodcoopbcn.cat\/wp-content\/uploads\/memoria_foodcoopbcn_2021.pdf%22 data-et-target-link=%22_blank%22 rel=%22noopener noreferrer%22>Mem\u00f2ria<\/a><br \/> <a class=%22footer__links%22 href=%22https:\/\/foodcoopbcn.cat\/es\/faqs\/%22>Preguntes freq\u00fcents<\/a><br \/> <a class=%22footer__links%22 href=%22https:\/\/foodcoopbcn.cat\/wp-content\/uploads\/balanc_social-21.pdf%22>Balan\u00e7 social<\/a><br \/> <a class=%22footer__links%22 href=%22https:\/\/foodcoopbcn.cat\/es\/aviso-legal\/%22>Av\u00eds legal<\/a><br \/> <a class=%22footer__links%22 href=%22https:\/\/foodcoopbcn.cat\/es\/politica-privacidad\/%22>Pol\u00edtica de privacitat<\/a> <br \/><a class=%22footer__links%22 href=%22https:\/\/foodcoopbcn.cat\/es\/politica-cookies\/%22>Pol\u00edtica de cookies<\/a><\/p>\n<p style=%22text-align: center;%22>\n&#8221; content_phone=&#8221;<\/p>\n<h4 style=%22text-align: center;%22>\ud83d\udcd6 POT SER DEL TEU INTER\u00c8S<\/h4>\n<p style=%22text-align: center;%22><a class=%22footer__links%22 href=%22https:\/\/foodcoopbcn.cat\/wp-content\/uploads\/Estatuts-Foodcoop-oct2019.pdf%22 data-et-target-link=%22_blank%22 rel=%22noopener noreferrer%22>Estatuts<\/a><br \/> <a class=%22footer__links%22 href=%22https:\/\/foodcoopbcn.cat\/wp-content\/uploads\/memoria_foodcoopbcn_2021.pdf%22 data-et-target-link=%22_blank%22 rel=%22noopener noreferrer%22>Mem\u00f2ria<\/a><br \/> <a class=%22footer__links%22 href=%22https:\/\/foodcoopbcn.cat\/es\/faqs\/%22>Preguntes freq\u00fcents<\/a><br \/> <a class=%22footer__links%22 href=%22https:\/\/foodcoopbcn.cat\/wp-content\/uploads\/balanc_social-21.pdf%22>Balan\u00e7 social<\/a><br \/> <a class=%22footer__links%22 href=%22https:\/\/foodcoopbcn.cat\/es\/aviso-legal\/%22>Av\u00eds legal<\/a><br \/> <a class=%22footer__links%22 href=%22https:\/\/foodcoopbcn.cat\/es\/politica-privacidad\/%22>Pol\u00edtica de privacitat<\/a><br \/> <a class=%22footer__links%22 href=%22https:\/\/foodcoopbcn.cat\/es\/politica-cookies\/%22>Pol\u00edtica de cookies<\/a><\/p>\n<p style=%22text-align: center;%22>\n&#8221; content_last_edited=&#8221;on|desktop&#8221; admin_label=&#8221;Text&#8221; _builder_version=&#8221;4.2.2&#8243; header_4_text_align=&#8221;left&#8221; header_4_text_color=&#8221;#ffffff&#8221; custom_margin_tablet=&#8221;-75px||||false|false&#8221; custom_margin_phone=&#8221;40px||||false|false&#8221; custom_margin_last_edited=&#8221;on|tablet&#8221; custom_css_main_element_last_edited=&#8221;on|tablet&#8221; custom_css_main_element_tablet=&#8221;-webkit-order: 3;||order: 3;&#8221;]<\/p>\n<h4 style=\"text-align: left;\">POT SER DEL TEU INTER\u00c8S<\/h4>\n<p><a class=\"footer__links\" href=\"https:\/\/foodcoopbcn.cat\/wp-content\/uploads\/Estatuts-Foodcoop-oct2019.pdf\" target=\"_blank\" rel=\"noopener noreferrer\">Estatuts<\/a><br \/> <a class=\"footer__links\" href=\"https:\/\/foodcoopbcn.cat\/wp-content\/uploads\/memoria_foodcoopbcn_2021.pdf\" target=\"_blank\" rel=\"noopener noreferrer\">Mem\u00f2ria<\/a><br \/> <a class=\"footer__links\" href=\"https:\/\/foodcoopbcn.cat\/es\/faqs\/\">Preguntes freq\u00fcents<\/a><br \/> <a class=\"footer__links\" href=\"https:\/\/foodcoopbcn.cat\/wp-content\/uploads\/balanc_social-21.pdf\">Balan\u00e7 social<\/a><br \/> <a class=\"footer__links\" href=\"https:\/\/foodcoopbcn.cat\/es\/aviso-legal\/\">Av\u00eds legal<\/a><br \/> <a class=\"footer__links\" href=\"https:\/\/foodcoopbcn.cat\/es\/politica-privacidad\/\">Pol\u00edtica de privacitat<\/a> <br \/><a class=\"footer__links\" href=\"https:\/\/foodcoopbcn.cat\/es\/politica-cookies\/\">Pol\u00edtica de cookies<\/a><\/p>\n<p style=\"text-align: center;\">[\/et_pb_text][\/et_pb_column][\/et_pb_row][\/et_pb_section]<\/p>\n","protected":false},"excerpt":{"rendered":"<p>Pol\u00edtica de cookiesEn esta web recopilamos y utilizamos la informaci\u00f3n seg\u00fan se indica en la pol\u00edtica de privacidad. Una de las formas mediante la cual recopilamos informaci\u00f3n es a trav\u00e9s del uso de la tecnolog\u00eda llamada \u201ccookies\u201d. En Food Coop BCN se utilizan cookies para varias cosas. \u00bfQu\u00e9 es una cookie? Una \u201ccookie\u201d es una [&hellip;]<\/p>\n","protected":false},"author":2,"featured_media":0,"parent":0,"menu_order":10,"comment_status":"closed","ping_status":"closed","template":"","meta":{"_et_pb_use_builder":"on","_et_pb_old_content":"","_et_gb_content_width":"","footnotes":""},"class_list":["post-214","page","type-page","status-publish","hentry"],"_links":{"self":[{"href":"https:\/\/foodcoopbcn.cat\/es\/wp-json\/wp\/v2\/pages\/214","targetHints":{"allow":["GET"]}}],"collection":[{"href":"https:\/\/foodcoopbcn.cat\/es\/wp-json\/wp\/v2\/pages"}],"about":[{"href":"https:\/\/foodcoopbcn.cat\/es\/wp-json\/wp\/v2\/types\/page"}],"author":[{"embeddable":true,"href":"https:\/\/foodcoopbcn.cat\/es\/wp-json\/wp\/v2\/users\/2"}],"replies":[{"embeddable":true,"href":"https:\/\/foodcoopbcn.cat\/es\/wp-json\/wp\/v2\/comments?post=214"}],"version-history":[{"count":25,"href":"https:\/\/foodcoopbcn.cat\/es\/wp-json\/wp\/v2\/pages\/214\/revisions"}],"predecessor-version":[{"id":5098,"href":"https:\/\/foodcoopbcn.cat\/es\/wp-json\/wp\/v2\/pages\/214\/revisions\/5098"}],"wp:attachment":[{"href":"https:\/\/foodcoopbcn.cat\/es\/wp-json\/wp\/v2\/media?parent=214"}],"curies":[{"name":"wp","href":"https:\/\/api.w.org\/{rel}","templated":true}]}}