{"id":228,"date":"2019-12-14T17:26:14","date_gmt":"2019-12-14T17:26:14","guid":{"rendered":"https:\/\/foodcoopbcn.cat\/?page_id=228"},"modified":"2022-10-17T10:31:00","modified_gmt":"2022-10-17T08:31:00","slug":"aviso-legal","status":"publish","type":"page","link":"https:\/\/foodcoopbcn.cat\/es\/aviso-legal\/","title":{"rendered":"Aviso legal"},"content":{"rendered":"<p>[et_pb_section fb_built=&#8221;1&#8243; _builder_version=&#8221;4.0.9&#8243;][et_pb_row _builder_version=&#8221;4.0.9&#8243;][et_pb_column type=&#8221;4_4&#8243; _builder_version=&#8221;4.0.9&#8243;][et_pb_text admin_label=&#8221;Text&#8221; _builder_version=&#8221;4.2.2&#8243; header_font_size=&#8221;50px&#8221; header_font_size_tablet=&#8221;40px&#8221; header_font_size_phone=&#8221;30px&#8221; header_font_size_last_edited=&#8221;on|phone&#8221;]<\/p>\n<h1>Aviso legal<\/h1>\n<p>[\/et_pb_text][\/et_pb_column][\/et_pb_row][\/et_pb_section][et_pb_section fb_built=&#8221;1&#8243; _builder_version=&#8221;4.0.9&#8243;][et_pb_row _builder_version=&#8221;4.0.9&#8243;][et_pb_column type=&#8221;4_4&#8243; _builder_version=&#8221;4.0.9&#8243;][et_pb_text _builder_version=&#8221;4.2.2&#8243;]<\/p>\n<div class=\"et_pb_column et_pb_column_4_4 et_pb_column_1 et_pb_css_mix_blend_mode_passthrough et-last-child\">\n<div class=\"et_pb_module et_pb_text et_pb_text_1 et_pb_text_align_left et_pb_bg_layout_light\">\n<div class=\"et_pb_text_inner\">\n<h3><strong>Datos del responsable<\/strong><\/h3>\n<ul>\n<li><strong>Identidad del responsable:<\/strong> Associaci\u00f3 per l\u2019Impuls dels Supermercats Cooperatius i el Mercat Social (a partir de aqu\u00ed: Food Coop BCN)<\/li>\n<li><strong>NIF\/CIF: <\/strong>G67227629<\/li>\n<li><strong>Correo electr\u00f3nico:<\/strong> hola@foodcoopbcn.cat<\/li>\n<\/ul>\n<p>En este espacio, el usuario, podr\u00e1 encontrar toda la informaci\u00f3n relativa en los t\u00e9rminos y condiciones legales que definen las relaciones entre los usuarios y Food Coop BCN como responsable de esta web. Como usuario, es importante que conozcas estos t\u00e9rminos antes de continuar tu navegaci\u00f3n.<\/p>\n<p>Food Coop BCN como responsable de esta web, asume el compromiso de procesar la informaci\u00f3n de los usuarios y clientes con plenas garant\u00edas y cumplir con los requisitos nacionales y europeos que regulan la recopilaci\u00f3n y uso de los datos personales de los usuarios.<\/p>\n<p>Esta web, por lo tanto, cumple rigurosamente con La Ley Org\u00e1nica 15\/1999, de 13 de diciembre, de Protecci\u00f3n de Datos de Car\u00e1cter Personal (LOPD), y con el Real decreto 1720\/2007, de 21 de diciembre, conocido como el Reglamento de desarrollo de la LOPD. Cumple tambi\u00e9n con el Reglamento (UE) 2016\/679 del Parlamento Europeo y del Consejo de 27 de abril de 2016 relativo a la protecci\u00f3n de las personas f\u00edsicas (RGPD), as\u00ed como con la Ley 34\/2002, de 11 de julio, de Servicios de la Sociedad de la Informaci\u00f3n y Comercio Electr\u00f3nico (LSSICE o LSSI).<\/p>\n<h3><strong>Condiciones generales de uso<\/strong><\/h3>\n<p>Las presentes Condiciones Generales regulan el uso (incluyendo el simple acceso) de las p\u00e1ginas web que forman parte del sitio web de Food Coop BCN incluyendo los contenidos y servicios puestos en disposici\u00f3n. Toda persona que acceda en la web, <a href=\"https:\/\/foodcoopbcn.cat\">https:\/\/foodcoopbcn.cat<\/a> (\u201cusuario\u201d) acepta someterse a las Condiciones Generales vigentes en cada momento del portal web de Food Coop BCN.<\/p>\n<h3><strong>Datos personales que se recogen y como lo realizamos<\/strong><\/h3>\n<p>Leer Pol\u00edtica de Privacidad.<\/p>\n<h3><strong>Compromisos y obligaciones de los usuarios<\/strong><\/h3>\n<p>El usuario queda informado, y acepta, que el acceso a la presente web no supone, de ninguna forma, el inicio de una relaci\u00f3n comercial con Food Coop BCN. De esta forma, el usuario se compromete a utilizar el sitio web, sus servicios y contenidos sin contravenir la legislaci\u00f3n vigente, la buena fe y el orden p\u00fablico.<\/p>\n<p>Queda prohibido el uso de la web, con finalidades il\u00edcitas o lesivas, o que, de cualquier forma, puedan causar perjuicio o impedir el normal funcionamiento del sitio web.<\/p>\n<p>Respecto de los contenidos de esta web, se proh\u00edbe:<\/p>\n<ul>\n<li>Su reproducci\u00f3n, distribuci\u00f3n o modificaci\u00f3n, total o parcial, salvo que se cuente con la correspondiente autorizaci\u00f3n.<\/li>\n<li>Cualquier vulneraci\u00f3n de los derechos del prestamista o nuestro como leg\u00edtimo titular.<\/li>\n<\/ul>\n<p>En la utilizaci\u00f3n de la web, el usuario se compromete a no llevar a cabo ninguna conducta que pueda perjudicar la imagen, los intereses y los derechos de Food Coop BCN o de terceros o que pudiera perjudicar, inutilizar o sobrecargar el portal Food Coop BCN o que impidiera, de cualquier forma, la normal utilizaci\u00f3n de la web.<\/p>\n<p>Sin embargo, el usuario tiene que ser consciente que las medidas de seguridad de los sistemas inform\u00e1ticos en Internet no son enteramente fiables y que, por lo tanto Food Coop BCN no puede garantizar la inexistencia de malware u otros elementos que puedan producir alteraciones en los sistemas inform\u00e1ticos (software y hardware) del usuario o en sus documentos electr\u00f3nicos y ficheros contenidos en los mismos aunque la entidad ponga todos los medios necesarios y las medidas de seguridad oportunas para evitar la presencia de estos elementos nocivos.<\/p>\n<h3><strong>Medidas de seguridad<\/strong><\/h3>\n<p>Los datos personales comunicados por el usuario a Food Coop BCN pueden ser almacenados en bases de datos automatizadas o no, la titularidad de las cuales corresponde a Food Coop BCN i al Supermercat Cooperatiu i Participatiu BCN SCCL, asumiendo todas las medidas de \u00edndole t\u00e9cnica, organizativa y de seguridad que garantizan la confidencialidad, integridad y calidad de la informaci\u00f3n contenida en las mismas de acuerdo con el que establece la normativa vigente en protecci\u00f3n de datos. La comunicaci\u00f3n entre los usuarios y Food Coop BCN utiliza un canal seguro, y los datos transmitidos son cifrados gracias a protocolos https, por lo tanto, garantizamos las mejores condiciones de seguridad porque la confidencialidad de los usuarios est\u00e9 garantizada.<\/p>\n<h3><strong>Plataforma de resoluci\u00f3n de conflictos<\/strong><\/h3>\n<p>Ponemos tambi\u00e9n a disposici\u00f3n de los usuarios la plataforma de resoluci\u00f3n de litigios que facilita la Comisi\u00f3n Europea y que se encuentra disponible en el siguiente enlace: https:\/\/ec.europa.eu\/consumers\/odr\/<\/p>\n<h3><strong>Derechos de propiedad intelectual e industrial<\/strong><\/h3>\n<p>En virtud del que se dispone en los art\u00edculos 8 y 32.1, p\u00e1rrafo segundo, de la Ley de Propiedad Intelectual, quedan expresamente prohibidas la reproducci\u00f3n, la distribuci\u00f3n y la comunicaci\u00f3n p\u00fablica, incluida su modalidad de puesta a disposici\u00f3n, de la totalidad o parte de los contenidos de esta p\u00e1gina web, con finalidades comerciales, en cualquier apoyo y por cualquier medio t\u00e9cnico, sin la autorizaci\u00f3n de Food Coop BCN. El usuario se compromete a respetar los derechos de Propiedad Intelectual e Industrial titularidad de Food Coop BCN.<\/p>\n<p>El usuario conoce y acepta que la totalidad del sitio web, conteniendo sin car\u00e1cter exhaustivo el texto, software, contenidos (incluyendo estructura, selecci\u00f3n, ordenaci\u00f3n y presentaci\u00f3n de los mismos) podcast, fotograf\u00edas, material audiovisual y gr\u00e1ficos, est\u00e1 protegida por marcas, derechos de autor y otros derechos leg\u00edtimos, de acuerdo con los tratados internacionales en los cuales Espa\u00f1a es parte y otros derechos de propiedad y leyes de Espa\u00f1a.<\/p>\n<p>En el supuesto de que un usuario o un tercero consideren que se ha producido una violaci\u00f3n de sus leg\u00edtimos derechos de propiedad intelectual por la introducci\u00f3n de un determinado contenido en la web, tendr\u00e1 que notificar esta circunstancia a Food Coop BCN indicando:<\/p>\n<p>Datos personales del interesado titular de los derechos presuntamente infringidos, o indicar la representaci\u00f3n con la cual act\u00faa en caso de que la reclamaci\u00f3n la presente un tercero diferente del interesado.<\/p>\n<p>Se\u00f1alar los contenidos protegidos por los derechos de propiedad intelectual y su ubicaci\u00f3n a la web, la acreditaci\u00f3n de los derechos de propiedad intelectual se\u00f1alados y declaraci\u00f3n expresa en la cual el interesado se responsabiliza de la veracidad de las informaciones facilitadas en la notificaci\u00f3n.<\/p>\n<h3><strong>Enlaces externos<\/strong><\/h3>\n<p>Las p\u00e1ginas de la web Food Coop BCN proporcionan enlaces a otros sitios web propios y contenidos que son propiedad de terceros.<\/p>\n<h3><strong>Exclusi\u00f3n de garant\u00edas y responsable<\/strong><\/h3>\n<p>Food Coop BCN no otorga ninguna garant\u00eda ni se hace responsable, en ning\u00fan caso, de los da\u00f1os y perjuicios de cualquier naturaleza que pudieran traer causa de:<\/p>\n<ul>\n<li>La falta de disponibilidad, mantenimiento y efectivo funcionamiento de la web, o de sus servicios y contenidos;<\/li>\n<li>La existencia de malware, programas maliciosos o lesivos en los contenidos;<\/li>\n<li>El uso il\u00edcito, negligente, fraudulento o contrario a este Aviso Legal;<\/li>\n<li>La falta de licitud, calidad, fiabilidad, utilidad y disponibilidad de los servicios prestados por terceros y lugares a disposici\u00f3n de los usuarios en el sitio web.<\/li>\n<\/ul>\n<p>El prestador no se hace responsable en ning\u00fan concepto de los da\u00f1os que pudieran dimanar del uso ilegal o indebido de la presente p\u00e1gina web.<\/p>\n<h3><strong>Ley aplicable y jurisdicci\u00f3n<\/strong><\/h3>\n<p>A todos los efectos las relaciones entre Food Coop BCN con los usuarios de sus servicios telem\u00e1ticos, presentes en esta web se encuentran sometidas a la legislaci\u00f3n y jurisdicci\u00f3n espa\u00f1olas y en los tribunales de BARCELONA.<\/p>\n<h3><strong>Contacto<\/strong><\/h3>\n<p>En caso de que cualquier usuario tuviera alguna duda sobre estas Condiciones legales o cualquier comentario sobre el portal de Food Coop BCN, por favor dir\u00edjase a <a href=\"mailto:hola@foodcoopbcn.cat\">hola@foodcoopbcn.cat<\/a>.\n<\/div>\n<\/div>\n<\/div>\n<p>[\/et_pb_text][\/et_pb_column][\/et_pb_row][\/et_pb_section][et_pb_section fb_built=&#8221;1&#8243; _builder_version=&#8221;4.2.2&#8243; background_color=&#8221;#282828&#8243; custom_padding=&#8221;93px||||false|false&#8221; global_module=&#8221;5074&#8243;][et_pb_row column_structure=&#8221;1_5,1_5,1_5,1_5,1_5&#8243; use_custom_gutter=&#8221;on&#8221; gutter_width=&#8221;2&#8243; make_equal=&#8221;on&#8221; _builder_version=&#8221;4.2.2&#8243;][et_pb_column type=&#8221;1_5&#8243; _builder_version=&#8221;4.2.2&#8243;][et_pb_text content_tablet=&#8221;<\/p>\n<h4>HORARIOS<\/h4>\n<p><strong>Lunes<\/strong><br \/> De 15h. a 21h.<\/p>\n<p><strong>De martes a viernes<\/strong><br \/> De 10h. a 21h.<\/p>\n<p><strong>S\u00e1bado<br \/> <\/strong>De 10h. a 14h.<\/p>\n<p>&#8221; content_phone=&#8221;<\/p>\n<h4 style=%22text-align: center;%22>~ HORARIOS ~<\/h4>\n<p style=%22text-align: center;%22><strong>Lunes<\/strong><br \/> De 15h. a 21h.<\/p>\n<p style=%22text-align: center;%22><strong>De martes a viernes<\/strong><br \/> De 10h. a 21h.<\/p>\n<p style=%22text-align: center;%22><strong>S\u00e1bado<br \/> <\/strong>De 10h. a 14h.<\/p>\n<p>&#8221; content_last_edited=&#8221;on|phone&#8221; disabled_on=&#8221;on|on|off&#8221; admin_label=&#8221;Text&#8221; _builder_version=&#8221;4.2.2&#8243; text_text_color=&#8221;#ffffff&#8221; header_4_text_align=&#8221;left&#8221; header_4_text_color=&#8221;#ffffff&#8221; custom_css_main_element_last_edited=&#8221;on|tablet&#8221; custom_css_main_element_tablet=&#8221;-webkit-order: 2;||order: 2;&#8221;]<\/p>\n<h4 style=\"text-align: left;\">HORARIOS<\/h4>\n<p><strong>Lunes<\/strong><br \/> De 15h. a 21h.<\/p>\n<p><strong>De martes a viernes<\/strong><br \/> De10 h. a 21h.<\/p>\n<p><strong>S\u00e1bado<br \/> <\/strong>De 10h. a 14h.<\/p>\n<p>[\/et_pb_text][\/et_pb_column][et_pb_column type=&#8221;1_5&#8243; disabled_on=&#8221;off|off|off&#8221; _builder_version=&#8221;4.2.2&#8243;][et_pb_text content_tablet=&#8221;&#8221; content_phone=&#8221;&#8221; content_last_edited=&#8221;on|desktop&#8221; disabled_on=&#8221;on|on|off&#8221; admin_label=&#8221;Text&#8221; _builder_version=&#8221;4.2.2&#8243; header_4_text_align=&#8221;left&#8221; header_4_text_color=&#8221;#ffffff&#8221; height_tablet=&#8221;0px&#8221; height_phone=&#8221;0px&#8221; height_last_edited=&#8221;on|phone&#8221; overflow-x=&#8221;hidden&#8221; overflow-y=&#8221;hidden&#8221; custom_margin_tablet=&#8221;&#8221; custom_margin_phone=&#8221;||0px||false|false&#8221; custom_margin_last_edited=&#8221;on|phone&#8221; custom_padding_tablet=&#8221;||0px||false|false&#8221; custom_padding_phone=&#8221;||0px||false|false&#8221; custom_padding_last_edited=&#8221;on|tablet&#8221;]<\/p>\n<h4 style=\"text-align: left;\">\u00a1S\u00cdGUENOS!<\/h4>\n<p><a href=\"https:\/\/facebook.com\/FoodCoopBCN\/\" target=\"_blank\" rel=\"noopener noreferrer\"><img decoding=\"async\" src=\"https:\/\/foodcoopbcn.cat\/wp-content\/uploads\/icons8-facebook-50.png\" width=\"40\" \/><\/a><a href=\"https:\/\/t.me\/holafoodcoopbcn\" target=\"_blank\" rel=\"noopener noreferrer\"> <img decoding=\"async\" src=\"https:\/\/foodcoopbcn.cat\/wp-content\/uploads\/icons8-telegram-app-50-2.png\" width=\"40\" \/><\/a><a href=\"https:\/\/twitter.com\/FoodCoopBCN\" target=\"_blank\" rel=\"noopener noreferrer\"> <img decoding=\"async\" src=\"https:\/\/foodcoopbcn.cat\/wp-content\/uploads\/icons8-twitter-circled-50.png\" width=\"40\" \/><\/a><a href=\"https:\/\/www.instagram.com\/foodcoopbcn\/\" target=\"_blank\" rel=\"noopener noreferrer\"> <img decoding=\"async\" src=\"https:\/\/foodcoopbcn.cat\/wp-content\/uploads\/icons8-instagram-50.png\" width=\"40\" \/><\/a> <a class=\"footer__links\" href=\"mailto: hola@foodcoopbcn.cat\">hola@foodcoopbcn.cat<\/a><\/p>\n<p>[\/et_pb_text][\/et_pb_column][et_pb_column type=&#8221;1_5&#8243; _builder_version=&#8221;4.2.2&#8243;][et_pb_text content_tablet=&#8221;<\/p>\n<h4>\u00a1VIS\u00cdTANOS!<\/h4>\n<p><span>Pje. Arag\u00f3n, 9<\/span><br \/> <span>08011 Barcelona<\/span><br \/> <span><strong>tel. 930 32 24 96<\/strong><\/span><\/p>\n<p>&#8221; content_phone=&#8221;<\/p>\n<h4 style=%22text-align: center;%22>\ud83d\udccd\u00a1VIS\u00cdTANOS!<\/h4>\n<p style=%22text-align: center;%22><span>Pje. Arag\u00f3n, 9<\/span><br \/> <span>08011 Barcelona<\/span><br \/> <span><strong>tel. 930 32 24 96<\/strong><\/span><\/p>\n<p>&#8221; content_last_edited=&#8221;on|phone&#8221; admin_label=&#8221;Text&#8221; _builder_version=&#8221;4.2.2&#8243; text_text_color=&#8221;#ffffff&#8221; header_4_text_align=&#8221;left&#8221; header_4_text_color=&#8221;#ffffff&#8221; custom_css_main_element_last_edited=&#8221;on|tablet&#8221; custom_css_main_element_tablet=&#8221;-webkit-order: 1;||order: 1;&#8221;]<\/p>\n<h4 style=\"text-align: left;\">\u00a1VIS\u00cdTANOS!<\/h4>\n<p><span>Pje. Arag\u00f3n, 9<\/span><br \/> <span>08011 Barcelona<\/span><br \/> <span><strong>tel. 930 32 24 96<\/strong><\/span><\/p>\n<p>[\/et_pb_text][\/et_pb_column][et_pb_column type=&#8221;1_5&#8243; _builder_version=&#8221;4.2.2&#8243;][et_pb_text content_tablet=&#8221;<\/p>\n<h4>\u00a1SUSCR\u00cdBETE A LA NEWSLETTER\u00cd!<\/h4>\n<p style=%22text-align: center;%22>&#8221; content_phone=&#8221;<\/p>\n<h4 style=%22text-align: center;%22>\u00a1SUSCR\u00cdBETE A LA NEWSLETTER!<\/h4>\n<p style=%22text-align: center;%22>&#8221; content_last_edited=&#8221;on|desktop&#8221; _builder_version=&#8221;4.2.2&#8243; header_4_text_align=&#8221;left&#8221; header_4_text_color=&#8221;#ffffff&#8221; custom_margin_tablet=&#8221;40px||||false|false&#8221; custom_margin_phone=&#8221;20px||2px||false|false&#8221; custom_margin_last_edited=&#8221;on|tablet&#8221;]<\/p>\n<h4>\u00a1SUSCR\u00cdBETE A LA NEWSLETTER!<\/h4>\n<p style=\"text-align: center;\">[\/et_pb_text][et_pb_button button_url=&#8221;@ET-DC@eyJkeW5hbWljIjp0cnVlLCJjb250ZW50IjoicG9zdF9saW5rX3VybF9wYWdlIiwic2V0dGluZ3MiOnsicG9zdF9pZCI6IjE3OTIifX0=@&#8221; button_text=&#8221;REG\u00cdSTRATE&#8221; button_alignment_tablet=&#8221;&#8221; button_alignment_phone=&#8221;center&#8221; button_alignment_last_edited=&#8221;on|phone&#8221; module_class=&#8221;popmake-newsletter&#8221; _builder_version=&#8221;4.2.2&#8243; _dynamic_attributes=&#8221;button_url&#8221;][\/et_pb_button][\/et_pb_column][et_pb_column type=&#8221;1_5&#8243; _builder_version=&#8221;4.2.2&#8243;][et_pb_text content_tablet=&#8221;<\/p>\n<h4>INFORMACI\u00d3N DE INTER\u00c9S<\/h4>\n<p><a class=%22footer__links%22 href=%22https:\/\/foodcoopbcn.cat\/wp-content\/uploads\/Estatuts-Foodcoop-oct2019.pdf%22 data-et-target-link=%22_blank%22 rel=%22noopener noreferrer%22>Estatutos<\/a><br \/> <a class=%22footer__links%22 href=%22https:\/\/foodcoopbcn.cat\/wp-content\/uploads\/memoria_foodcoopbcn_2021.pdf%22 data-et-target-link=%22_blank%22 rel=%22noopener noreferrer%22>Memoria<\/a><br \/> <a class=%22footer__links%22 href=%22https:\/\/foodcoopbcn.cat\/es\/faqs\/%22>Preguntas frecuentes<\/a><br \/> <a class=%22footer__links%22 href=%22https:\/\/foodcoopbcn.cat\/wp-content\/uploads\/balanc_social-21.pdf%22>Balance social<\/a><br \/> <a class=%22footer__links%22 href=%22https:\/\/foodcoopbcn.cat\/es\/aviso-legal\/%22>Av\u00eds legal<\/a><br \/> <a class=%22footer__links%22 href=%22https:\/\/foodcoopbcn.cat\/es\/politica-privacidad\/%22>Pol\u00edtica de privacidad<\/a> <br \/><a class=%22footer__links%22 href=%22https:\/\/foodcoopbcn.cat\/es\/politica-cookies\/%22>Pol\u00edtica de cookies<\/a><\/p>\n<p style=%22text-align: center;%22>&#8221; content_phone=&#8221;<\/p>\n<h4 style=%22text-align: center;%22>\ud83d\udcd6 INFORMACI\u00d3N DE INTER\u00c9S<\/h4>\n<p style=%22text-align: center;%22><a class=%22footer__links%22 href=%22https:\/\/foodcoopbcn.cat\/wp-content\/uploads\/Estatuts-Foodcoop-oct2019.pdf%22 data-et-target-link=%22_blank%22 rel=%22noopener noreferrer%22>Estatutos<\/a><br \/> <a class=%22footer__links%22 href=%22https:\/\/foodcoopbcn.cat\/wp-content\/uploads\/memoria_foodcoopbcn_2021.pdf%22 data-et-target-link=%22_blank%22 rel=%22noopener noreferrer%22>Memoria<\/a><br \/> <a class=%22footer__links%22 href=%22https:\/\/foodcoopbcn.cat\/es\/faqs\/%22>Preguntas frecuentes<\/a><br \/> <a class=%22footer__links%22 href=%22https:\/\/foodcoopbcn.cat\/wp-content\/uploads\/balanc_social-21.pdf%22>Balance social<\/a><br \/> <a class=%22footer__links%22 href=%22https:\/\/foodcoopbcn.cat\/es\/aviso-legal\/%22>Aviso legal<\/a><br \/> <a class=%22footer__links%22 href=%22https:\/\/foodcoopbcn.cat\/es\/politica-privacidad\/%22>Pol\u00edtica de privacidad<\/a><br \/> <a class=%22footer__links%22 href=%22https:\/\/foodcoopbcn.cat\/es\/politica-cookies\/%22>Pol\u00edtica de cookies<\/a><\/p>\n<p style=%22text-align: center;%22>&#8221; content_last_edited=&#8221;on|desktop&#8221; admin_label=&#8221;Text&#8221; _builder_version=&#8221;4.2.2&#8243; header_4_text_align=&#8221;left&#8221; header_4_text_color=&#8221;#ffffff&#8221; custom_margin_tablet=&#8221;-75px||||false|false&#8221; custom_margin_phone=&#8221;40px||||false|false&#8221; custom_margin_last_edited=&#8221;on|tablet&#8221; custom_css_main_element_last_edited=&#8221;on|tablet&#8221; custom_css_main_element_tablet=&#8221;-webkit-order: 3;||order: 3;&#8221;]<\/p>\n<h4 style=\"text-align: left;\">INFORMACI\u00d3N DE INTER\u00c9S<\/h4>\n<p><a class=\"footer__links\" href=\"https:\/\/foodcoopbcn.cat\/wp-content\/uploads\/Estatuts-Foodcoop-oct2019.pdf\" target=\"_blank\" rel=\"noopener noreferrer\">Estatutos<\/a><br \/> <a class=\"footer__links\" href=\"https:\/\/foodcoopbcn.cat\/wp-content\/uploads\/memoria_foodcoopbcn_2021.pdf\" target=\"_blank\" rel=\"noopener noreferrer\">Memoria<\/a><br \/> <a class=\"footer__links\" href=\"https:\/\/foodcoopbcn.cat\/es\/faqs\/\">Preguntas frecuentes<\/a><br \/> <a class=\"footer__links\" href=\"https:\/\/foodcoopbcn.cat\/wp-content\/uploads\/balanc_social-21.pdf\">Balance social<\/a><br \/> <a class=\"footer__links\" href=\"https:\/\/foodcoopbcn.cat\/es\/aviso-legal\/\">Aviso legal<\/a><br \/> <a class=\"footer__links\" href=\"https:\/\/foodcoopbcn.cat\/es\/politica-privacidad\/\">Pol\u00edtica de privacidad<\/a> <br \/><a class=\"footer__links\" href=\"https:\/\/foodcoopbcn.cat\/es\/politica-cookies\/\">Pol\u00edtica de cookies<\/a><\/p>\n<p style=\"text-align: center;\">[\/et_pb_text][\/et_pb_column][\/et_pb_row][\/et_pb_section]<\/p>\n","protected":false},"excerpt":{"rendered":"<p>Aviso legal Datos del responsable Identidad del responsable: Associaci\u00f3 per l\u2019Impuls dels Supermercats Cooperatius i el Mercat Social (a partir de aqu\u00ed: Food Coop BCN) NIF\/CIF: G67227629 Correo electr\u00f3nico: hola@foodcoopbcn.cat En este espacio, el usuario, podr\u00e1 encontrar toda la informaci\u00f3n relativa en los t\u00e9rminos y condiciones legales que definen las relaciones entre los usuarios y [&hellip;]<\/p>\n","protected":false},"author":2,"featured_media":0,"parent":0,"menu_order":8,"comment_status":"closed","ping_status":"closed","template":"","meta":{"_et_pb_use_builder":"on","_et_pb_old_content":"","_et_gb_content_width":"","footnotes":""},"class_list":["post-228","page","type-page","status-publish","hentry"],"_links":{"self":[{"href":"https:\/\/foodcoopbcn.cat\/es\/wp-json\/wp\/v2\/pages\/228","targetHints":{"allow":["GET"]}}],"collection":[{"href":"https:\/\/foodcoopbcn.cat\/es\/wp-json\/wp\/v2\/pages"}],"about":[{"href":"https:\/\/foodcoopbcn.cat\/es\/wp-json\/wp\/v2\/types\/page"}],"author":[{"embeddable":true,"href":"https:\/\/foodcoopbcn.cat\/es\/wp-json\/wp\/v2\/users\/2"}],"replies":[{"embeddable":true,"href":"https:\/\/foodcoopbcn.cat\/es\/wp-json\/wp\/v2\/comments?post=228"}],"version-history":[{"count":1,"href":"https:\/\/foodcoopbcn.cat\/es\/wp-json\/wp\/v2\/pages\/228\/revisions"}],"predecessor-version":[{"id":5093,"href":"https:\/\/foodcoopbcn.cat\/es\/wp-json\/wp\/v2\/pages\/228\/revisions\/5093"}],"wp:attachment":[{"href":"https:\/\/foodcoopbcn.cat\/es\/wp-json\/wp\/v2\/media?parent=228"}],"curies":[{"name":"wp","href":"https:\/\/api.w.org\/{rel}","templated":true}]}}