{"id":301,"date":"2019-12-14T18:17:08","date_gmt":"2019-12-14T18:17:08","guid":{"rendered":"https:\/\/foodcoopbcn.cat\/contacta\/"},"modified":"2026-01-21T13:29:05","modified_gmt":"2026-01-21T12:29:05","slug":"contacta","status":"publish","type":"page","link":"https:\/\/foodcoopbcn.cat\/es\/contacta\/","title":{"rendered":"CONTACTA"},"content":{"rendered":"<p>[et_pb_section fb_built=&#8221;1&#8243; _builder_version=&#8221;4.16&#8243; custom_padding=&#8221;||0px|||&#8221; global_colors_info=&#8221;{}&#8221;][et_pb_row _builder_version=&#8221;4.16&#8243; global_colors_info=&#8221;{}&#8221;][et_pb_column type=&#8221;4_4&#8243; _builder_version=&#8221;4.16&#8243; global_colors_info=&#8221;{}&#8221;][et_pb_text _builder_version=&#8221;4.16&#8243; header_font_size=&#8221;50px&#8221; header_font_size_tablet=&#8221;40px&#8221; header_font_size_phone=&#8221;30px&#8221; header_font_size_last_edited=&#8221;on|phone&#8221; global_colors_info=&#8221;{}&#8221;]<\/p>\n<h1>Contacta con nosotras<\/h1>\n<p>[\/et_pb_text][\/et_pb_column][\/et_pb_row][et_pb_row column_structure=&#8221;2_3,1_3&#8243; _builder_version=&#8221;4.16&#8243; global_colors_info=&#8221;{}&#8221;][et_pb_column type=&#8221;2_3&#8243; _builder_version=&#8221;4.16&#8243; global_colors_info=&#8221;{}&#8221;][et_pb_text _builder_version=&#8221;4.21.0&#8243; _module_preset=&#8221;default&#8221; background_color=&#8221;#FEEC3F&#8221; custom_padding=&#8221;30px|15px|30px|15px|false|false&#8221; hover_enabled=&#8221;0&#8243; border_radii=&#8221;on|10px|10px|10px|10px&#8221; global_colors_info=&#8221;{}&#8221; sticky_enabled=&#8221;0&#8243;]<\/p>\n<p style=\"text-align: center;\"><strong>Contacto general: <a href=\"mailto:hola@foodcoopbcn.cat\">hola@foodcoopbcn.cat<\/a><\/strong><\/p>\n<p style=\"text-align: center;\"><strong>\u2014\u2014<\/strong><\/p>\n<p style=\"text-align: center;\"><strong>Si eres socia\/socio de Foodcoop BCN, y quieres cambiar o tienes dudas sobre tus turnos, o cualquier pregunta sobre tu participaci\u00f3n: <a href=\"mailto:etpucajudar@foodcoopbcn.cat\">etpucajudar@foodcoopbcn.cat<\/a><\/strong><\/p>\n<p style=\"text-align: center;\"><strong>\u2014\u2014<\/strong><\/p>\n<p style=\"text-align: center;\"><strong>Eres un medio de comunicaci\u00f3n?: <a href=\"mailto:comunicacio@foodcoopbcn.cat\">comunicacio@foodcoopbcn.cat<\/a><\/strong><\/p>\n<p style=\"text-align: center;\"><strong>Eres uno(a) productor(a) y te gustar\u00eda vender a Foodcoop BCN?: <a href=\"mailto:compres@foodcoopbcn.cat\">compres@foodcoopbcn.cat<\/a><\/strong><\/p>\n<p style=\"text-align: center;\"><strong>Sois una entidad y os gustar\u00eda intercooperar con nosotros?: <a href=\"mailto:intercooperacio@foodcoopbcn.cat\">intercooperacio@foodcoopbcn.cat<\/a><\/strong><\/p>\n<p style=\"text-align: center;\"><strong>Te interesa trabajar para Foodcoop BCN? Env\u00edanos tu curr\u00edculum: <a href=\"mailto:consell.rector.coope@foodcoopbcn.cat\">rrhh@foodcoopbcn.cat<\/a><\/strong><\/p>\n<p>[\/et_pb_text][\/et_pb_column][et_pb_column type=&#8221;1_3&#8243; _builder_version=&#8221;4.16&#8243; global_colors_info=&#8221;{}&#8221;][et_pb_text content_tablet=&#8221;<\/p>\n<h3>Foodcoop BCN<\/h3>\n<p><a href=%22https:\/\/goo.gl\/maps\/wxL65raSe2ohNhiZA%22 data-et-target-link=%22_blank%22 rel=%22noopener%22>Pasaje Arag\u00f3n, 9<\/a><br \/>08011 Barcelona<br \/><strong>tel. 930 32 24 96<\/strong><\/p>\n<p><strong>Horario<\/strong><\/p>\n<p>Lunes: 17:00 &#8211; 21:00<\/p>\n<p>Martes, mi\u00e9rcoles, jueves: 10:00 &#8211; 14:00 y 17:00 &#8211; 21:00<\/p>\n<p>Viernes: 10:00 &#8211; 21:00<\/p>\n<p>S\u00e1bado: 10:00 &#8211; 14:00<\/p>\n<p>&#8221; content_phone=&#8221;<\/p>\n<h3>Foodcoop BCN<\/h3>\n<p><a href=%22https:\/\/goo.gl\/maps\/wxL65raSe2ohNhiZA%22 data-et-target-link=%22_blank%22 rel=%22noopener%22>Pasaje Arag\u00f3n, 9<\/a><br \/>08011 Barcelona<br \/><strong>tel. 930 32 24 96<\/strong><\/p>\n<p><strong>Horarios:<\/strong><\/p>\n<p>Lunes: 17:00 &#8211; 21:00<\/p>\n<p>Martes, mi\u00e9rcoles, jueves: 10:00 &#8211; 14:00 y 17:00 &#8211; 21:00<\/p>\n<p>Viernes: 10:00 &#8211; 21:00<\/p>\n<p>S\u00e1bado: 10:00 &#8211; 14:00<\/p>\n<p>&#8221; content_last_edited=&#8221;on|desktop&#8221; _builder_version=&#8221;4.21.0&#8243; global_colors_info=&#8221;{}&#8221;]<\/p>\n<h3>Foodcoop BCN<\/h3>\n<p><iframe loading=\"lazy\" style=\"border: 0;\" src=\"https:\/\/www.google.com\/maps\/embed?pb=!1m18!1m12!1m3!1d2993.4715964409093!2d2.155145715211058!3d41.3855636792643!2m3!1f0!2f0!3f0!3m2!1i1024!2i768!4f13.1!3m3!1m2!1s0x12a4a33b33fe0191%3A0x192d45d14c59ac8!2sFoodcoop%20BCN!5e0!3m2!1sen!2ses!4v1644350638627!5m2!1sen!2ses\" allowfullscreen=\"allowfullscreen\" width=\"250\" height=\"250\"><\/iframe><\/p>\n<p><a href=\"https:\/\/goo.gl\/maps\/wxL65raSe2ohNhiZA\" target=\"_blank\" rel=\"noopener\">Pasaje Arag\u00f3n, 9<\/a><br \/>08011 Barcelona<br \/><strong>tel. 930 32 24 96<\/strong><\/p>\n<p><strong>Horario<\/strong><br \/>Lunes: <br \/>17:00 &#8211; 20:30<\/p>\n<p>Martes, mi\u00e9rcoles, jueves: <br \/>10:00 &#8211; 14:00 y 17:00 &#8211; 20:30<\/p>\n<p>Viernes: <br \/>10:00 &#8211; 20:30<\/p>\n<p>S\u00e1bado: <br \/>10:00 &#8211; 14:00<\/p>\n<p>[\/et_pb_text][\/et_pb_column][\/et_pb_row][\/et_pb_section][et_pb_section fb_built=&#8221;1&#8243; _builder_version=&#8221;4.16&#8243; custom_padding=&#8221;0px|||||&#8221; hover_enabled=&#8221;0&#8243; global_colors_info=&#8221;{}&#8221; sticky_enabled=&#8221;0&#8243;][et_pb_row _builder_version=&#8221;4.16&#8243; background_image=&#8221;https:\/\/foodcoopbcn.cat\/wp-content\/uploads\/ous22.png&#8221; background_size=&#8221;contain&#8221; background_repeat=&#8221;repeat-x&#8221; custom_padding=&#8221;79px||79px||true|false&#8221; global_colors_info=&#8221;{}&#8221;][et_pb_column type=&#8221;4_4&#8243; _builder_version=&#8221;4.16&#8243; global_colors_info=&#8221;{}&#8221;][et_pb_code _builder_version=&#8221;4.21.0&#8243; hover_enabled=&#8221;0&#8243; global_colors_info=&#8221;{}&#8221; sticky_enabled=&#8221;0&#8243;][\/et_pb_code][\/et_pb_column][\/et_pb_row][\/et_pb_section]<\/p>\n","protected":false},"excerpt":{"rendered":"<p>Contacta con nosotrasContacto general: hola@foodcoopbcn.cat \u2014\u2014 Si eres socia\/socio de Foodcoop BCN, y quieres cambiar o tienes dudas sobre tus turnos, o cualquier pregunta sobre tu participaci\u00f3n: etpucajudar@foodcoopbcn.cat \u2014\u2014 Eres un medio de comunicaci\u00f3n?: comunicacio@foodcoopbcn.cat Eres uno(a) productor(a) y te gustar\u00eda vender a Foodcoop BCN?: compres@foodcoopbcn.cat Sois una entidad y os gustar\u00eda intercooperar con nosotros?: [&hellip;]<\/p>\n","protected":false},"author":2,"featured_media":176,"parent":0,"menu_order":6,"comment_status":"closed","ping_status":"closed","template":"","meta":{"_et_pb_use_builder":"on","_et_pb_old_content":"","_et_gb_content_width":"","footnotes":""},"class_list":["post-301","page","type-page","status-publish","has-post-thumbnail","hentry"],"_links":{"self":[{"href":"https:\/\/foodcoopbcn.cat\/es\/wp-json\/wp\/v2\/pages\/301","targetHints":{"allow":["GET"]}}],"collection":[{"href":"https:\/\/foodcoopbcn.cat\/es\/wp-json\/wp\/v2\/pages"}],"about":[{"href":"https:\/\/foodcoopbcn.cat\/es\/wp-json\/wp\/v2\/types\/page"}],"author":[{"embeddable":true,"href":"https:\/\/foodcoopbcn.cat\/es\/wp-json\/wp\/v2\/users\/2"}],"replies":[{"embeddable":true,"href":"https:\/\/foodcoopbcn.cat\/es\/wp-json\/wp\/v2\/comments?post=301"}],"version-history":[{"count":29,"href":"https:\/\/foodcoopbcn.cat\/es\/wp-json\/wp\/v2\/pages\/301\/revisions"}],"predecessor-version":[{"id":8370,"href":"https:\/\/foodcoopbcn.cat\/es\/wp-json\/wp\/v2\/pages\/301\/revisions\/8370"}],"wp:featuredmedia":[{"embeddable":true,"href":"https:\/\/foodcoopbcn.cat\/es\/wp-json\/wp\/v2\/media\/176"}],"wp:attachment":[{"href":"https:\/\/foodcoopbcn.cat\/es\/wp-json\/wp\/v2\/media?parent=301"}],"curies":[{"name":"wp","href":"https:\/\/api.w.org\/{rel}","templated":true}]}}