{"id":337,"date":"2019-12-14T19:21:37","date_gmt":"2019-12-14T19:21:37","guid":{"rendered":"https:\/\/foodcoopbcn.cat\/supermercado\/"},"modified":"2025-08-24T14:13:51","modified_gmt":"2025-08-24T12:13:51","slug":"supermercado","status":"publish","type":"page","link":"https:\/\/foodcoopbcn.cat\/es\/supermercado\/","title":{"rendered":"EL S\u00daPER"},"content":{"rendered":"<p>[et_pb_section fb_built=&#8221;1&#8243; _builder_version=&#8221;4.16&#8243; custom_margin=&#8221;||-4px|||&#8221; custom_padding=&#8221;||0px|||&#8221; global_colors_info=&#8221;{}&#8221;][et_pb_row _builder_version=&#8221;4.16&#8243; global_colors_info=&#8221;{}&#8221;][et_pb_column type=&#8221;4_4&#8243; _builder_version=&#8221;4.16&#8243; global_colors_info=&#8221;{}&#8221;][et_pb_text _builder_version=&#8221;4.16&#8243; header_font_size=&#8221;50px&#8221; header_font_size_tablet=&#8221;40px&#8221; header_font_size_phone=&#8221;30px&#8221; header_font_size_last_edited=&#8221;on|phone&#8221; global_colors_info=&#8221;{}&#8221;]<\/p>\n<h1>El supermercado<\/h1>\n<p>[\/et_pb_text][\/et_pb_column][\/et_pb_row][et_pb_row column_structure=&#8221;1_2,1_2&#8243; make_equal=&#8221;on&#8221; _builder_version=&#8221;4.16&#8243; global_colors_info=&#8221;{}&#8221;][et_pb_column type=&#8221;1_2&#8243; _builder_version=&#8221;4.16&#8243; custom_css_main_element=&#8221;  display: flex;||  flex-wrap: wrap;||  align-content:space-between;&#8221; global_colors_info=&#8221;{}&#8221;][et_pb_text _builder_version=&#8221;4.16&#8243; global_colors_info=&#8221;{}&#8221;]<\/p>\n<p>El primer supermercado cooperativo y participativo de Barcelona ha subido la persiana a principios de 2022 y lo ha hecho en un local del Eixample esquerra. En concreto, en el Passatge d&#8217;Arag\u00f3, un rinc\u00f3n en el coraz\u00f3n de la ciudad que hab\u00eda pasado desapercibido para la mayor\u00eda que ahora se est\u00e1 rehabilitando y que, pronto, llenaremos de vida y actividades. El local, una antigua planchister\u00eda, tiene una superficie de 240 m\u00b2.<\/p>\n<p>Foodcoop BCN dar\u00e1 respuesta a todas las necesidades b\u00e1sicas de compra de sus socias, ofreciendo una gama diversa y completa de productos que van desde la alimentaci\u00f3n hasta la higiene, la cosm\u00e9tica o la limpieza del hogar. Los productos son principalmente agroecol\u00f3gicos y de proximidad, aunque las consumidoras tambi\u00e9n pueden encontrar productos convencionales.<\/p>\n<p>[\/et_pb_text][\/et_pb_column][et_pb_column type=&#8221;1_2&#8243; _builder_version=&#8221;4.16&#8243; custom_css_main_element=&#8221;  display: flex;||  flex-wrap: wrap;||  align-content:space-between;&#8221; global_colors_info=&#8221;{}&#8221;][et_pb_text _builder_version=&#8221;4.21.0&#8243; global_colors_info=&#8221;{}&#8221;]<\/p>\n<p>Cualquier persona puede hacerse socia del supermercado realizando una <strong>\u00fanica aportaci\u00f3n al capital social de 40 \u20ac<\/strong> Aquellas que solo quieran contribuir a hacer realidad este proyecto transformador pueden convertise en <strong>socias colaboradoras<\/strong> y no tendr\u00e1n que cumplir ning\u00fan requisito m\u00e1s. Las que quieran ser <strong>socias consumidoras<\/strong>, adem\u00e1s de la aportaci\u00f3n, tendr\u00e1n que contribuir al funcionamiento del supermercado -en tareas sencillas- con una dedicaci\u00f3n de 2,5 horas al mes. Este sistema, que funciona desde hace tiempo en otros supermercados cooperativos, permite reducir los costes operativos y, por lo tanto, conseguir precios m\u00e1s asequibles. Los beneficios del proyecto repercuten, por lo tanto, \u00a1en tu compra!<\/p>\n<p>El 10 de octubre del 2019 nace la cooperativa integral, de consumo y servicios, Supermercado Cooperativo y Participativo de Barcelona.<\/p>\n<p>[\/et_pb_text][\/et_pb_column][\/et_pb_row][\/et_pb_section][et_pb_section fb_built=&#8221;1&#8243; _builder_version=&#8221;4.16&#8243; min_height=&#8221;182px&#8221; custom_padding=&#8221;30px||30px||true|false&#8221; global_colors_info=&#8221;{}&#8221;][et_pb_row _builder_version=&#8221;4.16&#8243; global_colors_info=&#8221;{}&#8221;][et_pb_column type=&#8221;4_4&#8243; _builder_version=&#8221;4.16&#8243; global_colors_info=&#8221;{}&#8221;][et_pb_text _builder_version=&#8221;4.16&#8243; header_font_size=&#8221;50px&#8221; header_font_size_tablet=&#8221;40px&#8221; header_font_size_phone=&#8221;30px&#8221; header_font_size_last_edited=&#8221;on|phone&#8221; locked=&#8221;off&#8221; global_colors_info=&#8221;{}&#8221;]<\/p>\n<h3>\u00bfC\u00f3mo ha evolucionado el proyecto?<\/h3>\n<p>[\/et_pb_text][et_pb_image src=&#8221;https:\/\/foodcoopbcn.cat\/wp-content\/uploads\/Barra_progres_DESKTOP.jpg&#8221; src_tablet=&#8221;&#8221; src_phone=&#8221;https:\/\/foodcoopbcn.cat\/wp-content\/uploads\/Barra_proges_coope_MOBIL.jpg&#8221; src_last_edited=&#8221;on|phone&#8221; _builder_version=&#8221;4.16&#8243; global_colors_info=&#8221;{}&#8221;][\/et_pb_image][\/et_pb_column][\/et_pb_row][\/et_pb_section][et_pb_section fb_built=&#8221;1&#8243; _builder_version=&#8221;4.16&#8243; custom_padding=&#8221;0px|||||&#8221; global_colors_info=&#8221;{}&#8221;][et_pb_row _builder_version=&#8221;4.16&#8243; global_colors_info=&#8221;{}&#8221;][et_pb_column type=&#8221;4_4&#8243; _builder_version=&#8221;4.16&#8243; global_colors_info=&#8221;{}&#8221;][et_pb_text _builder_version=&#8221;4.16&#8243; header_font_size=&#8221;50px&#8221; header_font_size_tablet=&#8221;40px&#8221; header_font_size_phone=&#8221;30px&#8221; header_font_size_last_edited=&#8221;on|phone&#8221; global_colors_info=&#8221;{}&#8221;]<\/p>\n<h1>Tus valores son los nuestros<\/h1>\n<p>El proyecto del Supermercado Cooperativo y Participativo rige su actividad por los siguientes valores:<\/p>\n<p>[\/et_pb_text][\/et_pb_column][\/et_pb_row][et_pb_row column_structure=&#8221;1_5,3_5,1_5&#8243; _builder_version=&#8221;4.16&#8243; global_colors_info=&#8221;{}&#8221;][et_pb_column type=&#8221;1_5&#8243; _builder_version=&#8221;4.16&#8243; global_colors_info=&#8221;{}&#8221;][\/et_pb_column][et_pb_column type=&#8221;3_5&#8243; _builder_version=&#8221;4.16&#8243; global_colors_info=&#8221;{}&#8221;][et_pb_toggle title=&#8221;Proximidad&#8221; open_toggle_text_color=&#8221;#282828&#8243; open_toggle_background_color=&#8221;rgba(0,0,0,0)&#8221; closed_toggle_background_color=&#8221;rgba(0,0,0,0)&#8221; _builder_version=&#8221;4.16&#8243; title_text_color=&#8221;#282828&#8243; width=&#8221;100%&#8221; custom_margin=&#8221;0px||0px||true|false&#8221; border_width_all=&#8221;0px&#8221; border_width_top=&#8221;1px&#8221; border_width_bottom=&#8221;1px&#8221; global_colors_info=&#8221;{}&#8221;]<\/p>\n<p>Queremos en nuestras estanter\u00edas productos de nuestro entorno, porque son m\u00e1s saludables y buenos y porque nos ayudan a cuidar de las productoras locales, del territorio y del planeta (reduciendo las emisiones de CO\u2082 y el consumo energ\u00e9tico)<\/p>\n<p>[\/et_pb_toggle][et_pb_toggle title=&#8221;Transparencia&#8221; open_toggle_text_color=&#8221;#282828&#8243; open_toggle_background_color=&#8221;rgba(0,0,0,0)&#8221; closed_toggle_background_color=&#8221;rgba(0,0,0,0)&#8221; _builder_version=&#8221;4.16&#8243; title_text_color=&#8221;#282828&#8243; width=&#8221;100%&#8221; custom_margin=&#8221;0px||0px||true|false&#8221; border_width_all=&#8221;0px&#8221; border_width_bottom=&#8221;1px&#8221; global_colors_info=&#8221;{}&#8221;]<\/p>\n<p>Defendemos que la informaci\u00f3n respecto a los productos y la gesti\u00f3n del supermercado sea p\u00fablica, accesible y comprensible para todas las socias. Como socia siempre puedes comprobar que hacemos justamente aquello que decimos.<\/p>\n<p>[\/et_pb_toggle][et_pb_toggle title=&#8221;Cooperaci\u00f3n&#8221; open_toggle_text_color=&#8221;#282828&#8243; open_toggle_background_color=&#8221;rgba(0,0,0,0)&#8221; closed_toggle_background_color=&#8221;rgba(0,0,0,0)&#8221; _builder_version=&#8221;4.16&#8243; title_text_color=&#8221;#282828&#8243; width=&#8221;100%&#8221; custom_margin=&#8221;0px||0px||true|false&#8221; border_width_all=&#8221;0px&#8221; border_width_bottom=&#8221;1px&#8221; global_colors_info=&#8221;{}&#8221;]<\/p>\n<p>Rompemos con la l\u00f3gica competitiva del capitalismo y apostamos por la cooperaci\u00f3n para ser m\u00e1s fuertes y llegar m\u00e1s lejos en el camino transformador. Por eso, trabajamos para fortalecer v\u00ednculos y tejer red con otros actores de la agroecolog\u00eda, el cooperativismo, el consumo responsable y\/o que compartan nuestra voluntad de \u201chacer barrio\u201d.<\/p>\n<p>[\/et_pb_toggle][et_pb_toggle title=&#8221;Sostenibilidad&#8221; open_toggle_text_color=&#8221;#282828&#8243; open_toggle_background_color=&#8221;rgba(0,0,0,0)&#8221; closed_toggle_background_color=&#8221;rgba(0,0,0,0)&#8221; _builder_version=&#8221;4.16&#8243; title_text_color=&#8221;#282828&#8243; width=&#8221;100%&#8221; custom_margin=&#8221;0px||0px||true|false&#8221; border_width_all=&#8221;0px&#8221; border_width_bottom=&#8221;1px&#8221; global_colors_info=&#8221;{}&#8221;]<\/p>\n<p>Queremos facilitar un consumo con menos impacto ambiental reduciendo los envases y el despilfarro y ofreciendo productos de proximidad y producidos con respeto por el planeta.<\/p>\n<p>[\/et_pb_toggle][et_pb_toggle title=&#8221;Confianza&#8221; open_toggle_text_color=&#8221;#282828&#8243; open_toggle_background_color=&#8221;rgba(0,0,0,0)&#8221; closed_toggle_background_color=&#8221;rgba(0,0,0,0)&#8221; _builder_version=&#8221;4.16&#8243; title_text_color=&#8221;#282828&#8243; width=&#8221;100%&#8221; custom_margin=&#8221;0px||0px||true|false&#8221; border_width_all=&#8221;0px&#8221; border_width_bottom=&#8221;1px&#8221; global_colors_info=&#8221;{}&#8221;]<\/p>\n<p>Creemos que las personas consumidoras deben tener plenas garant\u00edas que aquello que compran cumple con unos criterios preestablecidos por la cooperativa, que est\u00e1n pagando un justo precio y que sus derechos como socias se est\u00e1n respetando<\/p>\n<p>[\/et_pb_toggle][et_pb_toggle title=&#8221;Soberan\u00eda&#8221; open_toggle_text_color=&#8221;#282828&#8243; open_toggle_background_color=&#8221;rgba(0,0,0,0)&#8221; closed_toggle_background_color=&#8221;rgba(0,0,0,0)&#8221; _builder_version=&#8221;4.16&#8243; title_text_color=&#8221;#282828&#8243; width=&#8221;100%&#8221; custom_margin=&#8221;0px||0px||true|false&#8221; border_width_all=&#8221;0px&#8221; border_width_bottom=&#8221;1px&#8221; global_colors_info=&#8221;{}&#8221;]<\/p>\n<p>Somos una herramienta de empoderamiento colectivo, porque son las persones socias quienes escogen los productos que llenar\u00e1n las estanter\u00edas, los criterios de compra que hay detr\u00e1s, las relaciones que se establecen con productoras y trabajadoras y la forma de gestionar la cooperativa.<\/p>\n<p>[\/et_pb_toggle][et_pb_toggle title=&#8221;Inclusi\u00f3n&#8221; open_toggle_text_color=&#8221;#282828&#8243; open_toggle_background_color=&#8221;rgba(0,0,0,0)&#8221; closed_toggle_background_color=&#8221;rgba(0,0,0,0)&#8221; _builder_version=&#8221;4.16&#8243; title_text_color=&#8221;#282828&#8243; width=&#8221;100%&#8221; custom_margin=&#8221;0px||0px||true|false&#8221; border_width_all=&#8221;0px&#8221; border_width_bottom=&#8221;1px&#8221; global_colors_info=&#8221;{}&#8221;]<\/p>\n<p>Queremos democratizar el consumo transformador favoreciendo el acceso a productos agroecol\u00f3gicos a una ciudadan\u00eda diversa desde el punto de vista socioecon\u00f3mico, cultural y de compromiso pol\u00edtico. Creemos que para generar un impacto real hace falta un salto de escala y que este tipo de consumo no sea el privilegio de una minor\u00eda<\/p>\n<p>[\/et_pb_toggle][et_pb_toggle title=&#8221;Feminismos&#8221; open_toggle_text_color=&#8221;#282828&#8243; open_toggle_background_color=&#8221;rgba(0,0,0,0)&#8221; closed_toggle_background_color=&#8221;rgba(0,0,0,0)&#8221; _builder_version=&#8221;4.16&#8243; title_text_color=&#8221;#282828&#8243; width=&#8221;100%&#8221; custom_margin=&#8221;0px||0px||true|false&#8221; border_width_all=&#8221;0px&#8221; border_width_bottom=&#8221;1px&#8221; global_colors_info=&#8221;{}&#8221;]<\/p>\n<p>Somos un proyecto inserto en las econom\u00edas feministas, porque creemos que en el centro de nuestra actividad deben estar las personas y la vida y no el lucro. Por eso, desde la humildad, queremos aprender, experimentar y crear nuevas formas de organizarnos, relacionarnos y consumir que se alejen de las f\u00f3rmulas a las que nos hemos acostumbrado en las organizaciones capitalistas y patriarcales<\/p>\n<p>[\/et_pb_toggle][\/et_pb_column][et_pb_column type=&#8221;1_5&#8243; _builder_version=&#8221;4.16&#8243; global_colors_info=&#8221;{}&#8221;][\/et_pb_column][\/et_pb_row][\/et_pb_section][et_pb_section fb_built=&#8221;1&#8243; _builder_version=&#8221;4.16&#8243; custom_padding=&#8221;0px|||||&#8221; global_colors_info=&#8221;{}&#8221;][et_pb_row _builder_version=&#8221;4.16&#8243; global_colors_info=&#8221;{}&#8221;][et_pb_column type=&#8221;4_4&#8243; _builder_version=&#8221;4.16&#8243; global_colors_info=&#8221;{}&#8221;][et_pb_text _builder_version=&#8221;4.16&#8243; header_font_size=&#8221;50px&#8221; header_font_size_tablet=&#8221;40px&#8221; header_font_size_phone=&#8221;30px&#8221; header_font_size_last_edited=&#8221;on|phone&#8221; global_colors_info=&#8221;{}&#8221;]<\/p>\n<h1>Organizaci\u00f3n<\/h1>\n<p>[\/et_pb_text][\/et_pb_column][\/et_pb_row][et_pb_row _builder_version=&#8221;4.16&#8243; global_colors_info=&#8221;{}&#8221;][et_pb_column type=&#8221;4_4&#8243; _builder_version=&#8221;4.16&#8243; global_colors_info=&#8221;{}&#8221;][et_pb_text _builder_version=&#8221;4.16&#8243; header_font_size=&#8221;50px&#8221; header_font_size_tablet=&#8221;40px&#8221; header_font_size_phone=&#8221;30px&#8221; header_font_size_last_edited=&#8221;on|phone&#8221; global_colors_info=&#8221;{}&#8221;]<\/p>\n<h3>Asamblea<\/h3>\n<p><span style=\"font-weight: 400;\">Es el \u00f3rgano soberano de la cooperativa, en el que se toman decisiones estrat\u00e9gicas. Todas las socias pueden ejercer su derecho a la participaci\u00f3n en el marco de este \u00f3rgano.<\/span><\/p>\n<h3>Los c\u00edrculos<\/h3>\n<p><span style=\"font-weight: 400;\">Para promover el desarrollo del proyecto actualmente se encuentran operativos los siguientes c\u00edrculos de trabajo:<\/span><\/p>\n<p>[\/et_pb_text][\/et_pb_column][\/et_pb_row][et_pb_row column_structure=&#8221;1_2,1_2&#8243; _builder_version=&#8221;4.16&#8243; global_colors_info=&#8221;{}&#8221;][et_pb_column type=&#8221;1_2&#8243; _builder_version=&#8221;4.16&#8243; global_colors_info=&#8221;{}&#8221;][et_pb_text _builder_version=&#8221;4.16&#8243; global_colors_info=&#8221;{}&#8221;]<\/p>\n<h4><strong>C\u00edrculo de comunicaci\u00f3n<\/strong><\/h4>\n<p><span style=\"font-weight: 400;\">Se ocupa de gestionar la comunicaci\u00f3n del proyecto de puertas afuera, d\u00e1ndole visibilidad, sumando base social y sensibilizando sobre nuestros valores para la transformaci\u00f3n del consumo. Entre sus competencias se encuentra la creaci\u00f3n de materiales de difusi\u00f3n y la gesti\u00f3n de los canales de comunicaci\u00f3n y RRSS.<\/span><\/p>\n<p><i><span style=\"font-weight: 400;\">Contacto<\/span><\/i><span style=\"font-weight: 400;\"> \u2013 <\/span><a href=\"mailto:comunicacio@foodcoopbcn.cat\" target=\"_blank\" rel=\"noopener\"><span style=\"font-weight: 400;\">comunicacio@foodcoopbcn.cat<\/span><\/a><\/p>\n<p><b>Grupo de trabajo de eventos<\/b><span style=\"font-weight: 400;\"> \u2013 encargado de la difusi\u00f3n organizando eventos.<\/span><\/p>\n<p>[\/et_pb_text][et_pb_text _builder_version=&#8221;4.16&#8243; global_colors_info=&#8221;{}&#8221;]<\/p>\n<h4><b>C\u00edrculo de compras<\/b><\/h4>\n<p><span style=\"font-weight: 400;\">Trabaja para garantizar un surtido suficiente y variado de productos de acuerdo a los valores de la cooperativa y los criterios de compra aprobados por la asamblea. Los proveedores, los productos y los stocks son su dominio.<\/span><\/p>\n<p><i><span style=\"font-weight: 400;\">Contacto<\/span><\/i><span style=\"font-weight: 400;\"> \u2014 <\/span><a href=\"mailto:comunicacio@foodcoopbcn.cat\" target=\"_blank\" rel=\"noopener\"><span style=\"font-weight: 400;\">compres@foodcoopbcn.cat<\/span><\/a><\/p>\n<p><b>Grupo de trabajo de residuo 0<\/b><span style=\"font-weight: 400;\"> \u2013 vela por minimizar los residuos en todos los \u00e1mbitos y procesos del supermercado.<\/span><\/p>\n<p>[\/et_pb_text][\/et_pb_column][et_pb_column type=&#8221;1_2&#8243; _builder_version=&#8221;4.16&#8243; global_colors_info=&#8221;{}&#8221;][et_pb_text _builder_version=&#8221;4.16&#8243; global_colors_info=&#8221;{}&#8221;]<\/p>\n<h4><b>C\u00edrculo de administraci\u00f3n y finanzas<\/b><\/h4>\n<p><span style=\"font-weight: 400;\">Los presupuestos, la tesorer\u00eda y la contabilidad, la documentaci\u00f3n fiscal y contable son su dominio.<\/span><\/p>\n<p>[\/et_pb_text][et_pb_image src=&#8221;https:\/\/foodcoopbcn.cat\/wp-content\/uploads\/Organigrama.jpg&#8221; show_in_lightbox=&#8221;on&#8221; _builder_version=&#8221;4.16&#8243; global_colors_info=&#8221;{}&#8221;][\/et_pb_image][\/et_pb_column][\/et_pb_row][et_pb_row column_structure=&#8221;1_2,1_2&#8243; _builder_version=&#8221;4.16&#8243; global_colors_info=&#8221;{}&#8221;][et_pb_column type=&#8221;1_2&#8243; _builder_version=&#8221;4.16&#8243; global_colors_info=&#8221;{}&#8221;][et_pb_image src=&#8221;https:\/\/foodcoopbcn.cat\/wp-content\/uploads\/Imatge01-1.jpg&#8221; _builder_version=&#8221;4.16&#8243; global_colors_info=&#8221;{}&#8221;][\/et_pb_image][\/et_pb_column][et_pb_column type=&#8221;1_2&#8243; _builder_version=&#8221;4.16&#8243; global_colors_info=&#8221;{}&#8221;][et_pb_text _builder_version=&#8221;4.16&#8243; global_colors_info=&#8221;{}&#8221;]<\/p>\n<h4><b>C\u00edrculo de local<\/b><\/h4>\n<p><span style=\"font-weight: 400;\">Su misi\u00f3n es dotar a Foodcoop BCN de un establecimiento adecuado a su actividad de supermercado cooperativo y participativo. La distribuci\u00f3n, los equipamientos, la decoraci\u00f3n y el mantenimiento se hallan entre sus responsabilidades y toma de decisiones.<\/span><\/p>\n<p>[\/et_pb_text][et_pb_text _builder_version=&#8221;4.16&#8243; global_colors_info=&#8221;{}&#8221;]<\/p>\n<h4><b>C\u00edrculo de gobernanza<\/b><\/h4>\n<p><span style=\"font-weight: 400;\">Trabaja para dotar al proyecto de un modelo de gobernanza acorde con los valores que nos gu\u00edan, que nos ayude a conseguir nuestros objetivos. Entre las tareas de este c\u00edrculo est\u00e1 la de valorar la sociocracia como modelo organizativo de referencia para la cooperativa.<\/span><\/p>\n<p>[\/et_pb_text][et_pb_text _builder_version=&#8221;4.16&#8243; global_colors_info=&#8221;{}&#8221;]<\/p>\n<h4><b>C\u00edrculo TIC<\/b><\/h4>\n<p><span style=\"font-weight: 400;\">Su misi\u00f3n es dotar a la cooperativa de la infraestructura necesaria para su funcionamiento y para facilitar la participaci\u00f3n de la comunidad.<\/span><\/p>\n<p>[\/et_pb_text][\/et_pb_column][\/et_pb_row][et_pb_row column_structure=&#8221;1_4,1_4,1_4,1_4&#8243; _builder_version=&#8221;4.16&#8243; global_colors_info=&#8221;{}&#8221;][et_pb_column type=&#8221;1_4&#8243; _builder_version=&#8221;4.16&#8243; global_colors_info=&#8221;{}&#8221;][et_pb_text _builder_version=&#8221;4.16&#8243; global_colors_info=&#8221;{}&#8221;]<\/p>\n<h4><b>C\u00edrculo de comunidad <br \/>y cuidados<\/b><\/h4>\n<p><span style=\"font-weight: 400;\">Trabaja para favorecer el bienestar, la cohesi\u00f3n y la participaci\u00f3n de la comunidad de socias. Entre sus tareas se encuentra la comunicaci\u00f3n interna, la prevenci\u00f3n de conflictos y el recibimiento de las nuevas socias.<\/span><\/p>\n<p>[\/et_pb_text][\/et_pb_column][et_pb_column type=&#8221;1_4&#8243; _builder_version=&#8221;4.16&#8243; global_colors_info=&#8221;{}&#8221;][et_pb_text _builder_version=&#8221;4.16&#8243; global_colors_info=&#8221;{}&#8221;]<\/p>\n<h4><b>Grupo de trabajo de operativa<\/b><\/h4>\n<p><span style=\"font-weight: 400;\">El grupo de operativa trabaja para definir protocolos y procesos de funcionamiento con el fin de estandarizarlos, hacerlos seguros, comprensibles y accesibles.<\/span><\/p>\n<p>[\/et_pb_text][\/et_pb_column][et_pb_column type=&#8221;1_4&#8243; _builder_version=&#8221;4.16&#8243; global_colors_info=&#8221;{}&#8221;][et_pb_text _builder_version=&#8221;4.16&#8243; global_colors_info=&#8221;{}&#8221;]<\/p>\n<h4><b>Coordinadora<\/b><\/h4>\n<p><span style=\"font-weight: 400;\">Es el \u00f3rgano de representaci\u00f3n y, a la vez, de coordinaci\u00f3n entre los c\u00edrculos que conforman la estructura de la cooperativa. Desde una perspectiva global y de forma participativa, vela por el buen funcionamiento y la coherencia del proyecto.<\/span><\/p>\n<p>[\/et_pb_text][\/et_pb_column][et_pb_column type=&#8221;1_4&#8243; _builder_version=&#8221;4.16&#8243; global_colors_info=&#8221;{}&#8221;][et_pb_text _builder_version=&#8221;4.16&#8243; global_colors_info=&#8221;{}&#8221;]<\/p>\n<h4><b>Consejo rector<\/b><\/h4>\n<p><span style=\"font-weight: 400;\">Es el representante de la cooperativa a efectos formales y legales. A la vez, vela por el cumplimiento de la Misi\u00f3n del proyecto y las decisiones tomadas por la asamblea general.<\/span><\/p>\n<p>[\/et_pb_text][et_pb_button button_url=&#8221;https:\/\/foodcoopbcn.cat\/es\/haztesocia\/&#8221; button_text=&#8221;HAZTE SOCIO\/A&#8221; _builder_version=&#8221;4.16&#8243; global_colors_info=&#8221;{}&#8221;][\/et_pb_button][\/et_pb_column][\/et_pb_row][\/et_pb_section]<\/p>\n","protected":false},"excerpt":{"rendered":"<p>El supermercadoEl primer supermercado cooperativo y participativo de Barcelona ha subido la persiana a principios de 2022 y lo ha hecho en un local del Eixample esquerra. En concreto, en el Passatge d&#8217;Arag\u00f3, un rinc\u00f3n en el coraz\u00f3n de la ciudad que hab\u00eda pasado desapercibido para la mayor\u00eda que ahora se est\u00e1 rehabilitando y que, [&hellip;]<\/p>\n","protected":false},"author":2,"featured_media":5599,"parent":0,"menu_order":3,"comment_status":"closed","ping_status":"closed","template":"","meta":{"_et_pb_use_builder":"on","_et_pb_old_content":"","_et_gb_content_width":"","footnotes":""},"class_list":["post-337","page","type-page","status-publish","has-post-thumbnail","hentry"],"_links":{"self":[{"href":"https:\/\/foodcoopbcn.cat\/es\/wp-json\/wp\/v2\/pages\/337","targetHints":{"allow":["GET"]}}],"collection":[{"href":"https:\/\/foodcoopbcn.cat\/es\/wp-json\/wp\/v2\/pages"}],"about":[{"href":"https:\/\/foodcoopbcn.cat\/es\/wp-json\/wp\/v2\/types\/page"}],"author":[{"embeddable":true,"href":"https:\/\/foodcoopbcn.cat\/es\/wp-json\/wp\/v2\/users\/2"}],"replies":[{"embeddable":true,"href":"https:\/\/foodcoopbcn.cat\/es\/wp-json\/wp\/v2\/comments?post=337"}],"version-history":[{"count":40,"href":"https:\/\/foodcoopbcn.cat\/es\/wp-json\/wp\/v2\/pages\/337\/revisions"}],"predecessor-version":[{"id":8037,"href":"https:\/\/foodcoopbcn.cat\/es\/wp-json\/wp\/v2\/pages\/337\/revisions\/8037"}],"wp:featuredmedia":[{"embeddable":true,"href":"https:\/\/foodcoopbcn.cat\/es\/wp-json\/wp\/v2\/media\/5599"}],"wp:attachment":[{"href":"https:\/\/foodcoopbcn.cat\/es\/wp-json\/wp\/v2\/media?parent=337"}],"curies":[{"name":"wp","href":"https:\/\/api.w.org\/{rel}","templated":true}]}}