{"id":362,"date":"2019-12-14T20:01:10","date_gmt":"2019-12-14T20:01:10","guid":{"rendered":"https:\/\/foodcoopbcn.cat\/conocenos\/"},"modified":"2026-04-01T12:29:26","modified_gmt":"2026-04-01T10:29:26","slug":"quienes-somos","status":"publish","type":"page","link":"https:\/\/foodcoopbcn.cat\/es\/quienes-somos\/","title":{"rendered":"QUI\u00c9NES SOMOS"},"content":{"rendered":"<p>[et_pb_section fb_built=&#8221;1&#8243; _builder_version=&#8221;4.16&#8243; custom_margin=&#8221;||-4px|||&#8221; custom_padding=&#8221;||0px|||&#8221; global_colors_info=&#8221;{}&#8221;][et_pb_row _builder_version=&#8221;4.16&#8243; global_colors_info=&#8221;{}&#8221;][et_pb_column type=&#8221;4_4&#8243; _builder_version=&#8221;4.16&#8243; global_colors_info=&#8221;{}&#8221;][et_pb_text _builder_version=&#8221;4.16&#8243; header_font_size=&#8221;50px&#8221; header_font_size_tablet=&#8221;40px&#8221; header_font_size_phone=&#8221;30px&#8221; header_font_size_last_edited=&#8221;on|phone&#8221; global_colors_info=&#8221;{}&#8221;]<\/p>\n<h1>\u00bfQui\u00e9nes somos?<\/h1>\n<p>[\/et_pb_text][\/et_pb_column][\/et_pb_row][et_pb_row column_structure=&#8221;1_2,1_2&#8243; make_equal=&#8221;on&#8221; _builder_version=&#8221;4.16&#8243; global_colors_info=&#8221;{}&#8221;][et_pb_column type=&#8221;1_2&#8243; _builder_version=&#8221;4.16&#8243; custom_css_main_element=&#8221;  display: flex;||  flex-wrap: wrap;||  align-content:space-between;&#8221; global_colors_info=&#8221;{}&#8221;][et_pb_text _builder_version=&#8221;4.21.0&#8243; global_colors_info=&#8221;{}&#8221;]<\/p>\n<p>A principios de 2022 hemos abierto un <strong>supermercado participativo<\/strong> donde puedes llenar toda tu cesta. Estos productos se han elegido de acuerdo con los principios que mueven el proyecto, como <strong>la sostenibilidad, la proximidad o el trato justo<\/strong> hacia las productoras y las trabajadoras. Este es un proyecto abierto a todas: s\u00f3lo tendr\u00e1s que hacer una aportaci\u00f3n \u00fanica al capital social de 40 \u20ac (con posibilidad de fraccionar en cuatro cuotas mensuales) y participar con 2 o 2,5 horas al mes en tareas del supermercado. As\u00ed ser\u00e1s <strong>socia consumidora<\/strong> y podr\u00e1s llenar tu cesta de productos sostenibles. La contribuci\u00f3n de 3 horas mensuales nos permitir\u00e1 reducir los gastos del supermercado y <strong>bajar los precios de los productos<\/strong>. De esta manera m\u00e1s personas tendr\u00e1n acceso a productos de calidad.<\/p>\n<p>[\/et_pb_text][\/et_pb_column][et_pb_column type=&#8221;1_2&#8243; _builder_version=&#8221;4.16&#8243; custom_css_main_element=&#8221;  display: flex;||  flex-wrap: wrap;||  align-content:space-between;&#8221; global_colors_info=&#8221;{}&#8221;][et_pb_image src=&#8221;https:\/\/foodcoopbcn.cat\/wp-content\/uploads\/Imatge02.jpg&#8221; _builder_version=&#8221;4.16&#8243; custom_margin=&#8221;0px|||||&#8221; global_colors_info=&#8221;{}&#8221;][\/et_pb_image][\/et_pb_column][\/et_pb_row][et_pb_row _builder_version=&#8221;4.16&#8243; min_height=&#8221;213.6px&#8221; custom_margin=&#8221;-8px|auto||auto||&#8221; global_colors_info=&#8221;{}&#8221;][et_pb_column type=&#8221;4_4&#8243; _builder_version=&#8221;4.16&#8243; global_colors_info=&#8221;{}&#8221;][et_pb_text _builder_version=&#8221;4.16&#8243; min_height=&#8221;170.6px&#8221; custom_margin=&#8221;-29px|||||&#8221; global_colors_info=&#8221;{}&#8221;]<\/p>\n<p>Si crees que no podr\u00e1s consumir en el s\u00faper pero quieres impulsar el proyecto, te puedes hacer <strong>socia colaboradora<\/strong>. Tienes que hacer la aportaci\u00f3n de capital social y podr\u00e1s participar en la toma de decisiones, pero no tendr\u00e1s que hacer las 2 o 2,5 horas de tareas en el s\u00faper ni podr\u00e1s comprar.<\/p>\n<p>En Foodcoop BCN todo el mundo tiene voz. C\u00f3mo supermercado cooperativo que es, todas somos propietarias, por lo que, si queremos, podemos participar activamente en la toma de decisiones. <strong>La asamblea<\/strong> es el espacio donde con tu voto podr\u00e1s hacer valer tu opini\u00f3n. Para el desarrollo del proyecto estamos organizadas en <strong>c\u00edrculos<\/strong>, donde las socias que quieran pueden participar activamente. Actualmente existen Comunidad y Cuidados, Local, Operativa, Compras, Financias, TIC, Gobernanza y Comunicaci\u00f3n. Adem\u00e1s tambi\u00e9n se crean <strong>grupos de trabajo<\/strong> puntuales para cubrir tareas concretas y delimitadas en el tiempo.<\/p>\n<p>Ser socia de Foodcoop BCN significa ser propietaria, participante y clienta, \u00a1Todo al mismo tiempo! Es una experiencia de consumo nueva y motivadora: haces tu compra pero tambi\u00e9n formas parte del d\u00eda a d\u00eda del proyecto. Este es un modelo de \u00e9xito con el que en los \u00faltimos a\u00f1os han salido iniciativas afines nuevas en muchas ciudades, como La Louve en Par\u00eds (m\u00e1s de 6.000 socias), Bees Coop en Bruselas (m\u00e1s de 3.000 socias), o La Cagette en Montpellier. As\u00ed como en Catalu\u00f1a y toda Espa\u00f1a: Manresa, Matar\u00f3, Madrid, Pa\u00eds Vasco, Zaragoza, Valencia, etc.<\/p>\n<p>Si quieres saber m\u00e1s puedes asistir a uno de los Caf\u00e9 Foodcoop, un espacio para conocer el proyecto y aclarar dudas. Se hacen una vez al mes y te recomendamos que consultes las redes sociales para ver los detalles de cada convocatoria. Tambi\u00e9n puedes contactarnos con cualquier cuesti\u00f3n a <strong>hola@foodcoopbcn.cat<\/strong>.<\/p>\n<p>[\/et_pb_text][\/et_pb_column][\/et_pb_row][\/et_pb_section][et_pb_section fb_built=&#8221;1&#8243; _builder_version=&#8221;4.16&#8243; min_height=&#8221;182px&#8221; custom_padding=&#8221;30px||30px||true|false&#8221; global_colors_info=&#8221;{}&#8221;][et_pb_row _builder_version=&#8221;4.16&#8243; background_image=&#8221;https:\/\/foodcoopbcn.cat\/wp-content\/uploads\/melmelada.png&#8221; background_size=&#8221;contain&#8221; background_repeat=&#8221;repeat-x&#8221; custom_padding=&#8221;76px||76px||true|&#8221; global_colors_info=&#8221;{}&#8221;][et_pb_column type=&#8221;4_4&#8243; _builder_version=&#8221;4.16&#8243; global_colors_info=&#8221;{}&#8221;][et_pb_code _builder_version=&#8221;4.16&#8243; global_colors_info=&#8221;{}&#8221;][\/et_pb_code][\/et_pb_column][\/et_pb_row][\/et_pb_section][et_pb_section fb_built=&#8221;1&#8243; _builder_version=&#8221;4.16&#8243; custom_margin=&#8221;||-4px|||&#8221; custom_padding=&#8221;||0px|||&#8221; global_colors_info=&#8221;{}&#8221;][et_pb_row _builder_version=&#8221;4.16&#8243; global_colors_info=&#8221;{}&#8221;][et_pb_column type=&#8221;4_4&#8243; _builder_version=&#8221;4.16&#8243; global_colors_info=&#8221;{}&#8221;][et_pb_text _builder_version=&#8221;4.16&#8243; header_font_size=&#8221;50px&#8221; header_font_size_tablet=&#8221;40px&#8221; header_font_size_phone=&#8221;30px&#8221; header_font_size_last_edited=&#8221;on|phone&#8221; global_colors_info=&#8221;{}&#8221;]<\/p>\n<h1>Inspiraci\u00f3n<\/h1>\n<p>[\/et_pb_text][\/et_pb_column][\/et_pb_row][et_pb_row column_structure=&#8221;1_2,1_2&#8243; make_equal=&#8221;on&#8221; _builder_version=&#8221;4.16&#8243; global_colors_info=&#8221;{}&#8221;][et_pb_column type=&#8221;1_2&#8243; _builder_version=&#8221;4.16&#8243; custom_css_main_element=&#8221;  display: flex;||  flex-wrap: wrap;||  align-content:space-between;&#8221; global_colors_info=&#8221;{}&#8221;][et_pb_text _builder_version=&#8221;4.16&#8243; global_colors_info=&#8221;{}&#8221;]<\/p>\n<p>La idea de impulsar un supermercado cooperativo en Barcelona surge cuando un grupo diverso de 250 personas se re\u00fane el 15 de marzo del 2018 (D\u00eda de las Personas Consumidoras) en las Cocheras de Sants.<\/p>\n<p>Muchas de las asistentes acudieron entonces al encuentro inspiradas por los debates existentes en el mundo del cooperativo agroecol\u00f3gico en torno a la necesidad dar un salto de escala. Otras, inspiradas por el documental Food Coop, que explica la historia de Food Coop Park Slope. Un supermercado cooperativa con m\u00e1s 17.000 miembros y donde el 70% del trabajo lo llevan a cabo sus socios, que contribuyen con 2 h 45 \u2018 al mes en tareas operativas del supermercado.<\/p>\n<p>[\/et_pb_text][\/et_pb_column][et_pb_column type=&#8221;1_2&#8243; _builder_version=&#8221;4.16&#8243; custom_css_main_element=&#8221;  display: flex;||  flex-wrap: wrap;||  align-content:space-between;&#8221; global_colors_info=&#8221;{}&#8221;][et_pb_text _builder_version=&#8221;4.16&#8243; global_colors_info=&#8221;{}&#8221;]<\/p>\n<p>El \u00e9xito de la convocatoria se enmarc\u00f3 en el contexto de las diferentes actividades que se organizan durante el 14 y 15 de marzo del 2018 con motivo de la celebraci\u00f3n del D\u00eda de las Personas Consumidores se organizan en la ciudad por parte del consistorio, Co\u00f2polis \u2013 Ateneo Cooperativo de Barcelona, el Plan Estrat\u00e9gico Metropolitano de Barcelona o la Revista Soberan\u00eda Alimentaria.<\/p>\n<p>En mayo de 2018 se constituir\u00e1 la Asociaci\u00f3n por el impulso de los supermercados cooperativos y el mercado social.<\/p>\n<p>[\/et_pb_text][\/et_pb_column][\/et_pb_row][et_pb_row _builder_version=&#8221;4.16&#8243; global_colors_info=&#8221;{}&#8221;][et_pb_column type=&#8221;4_4&#8243; _builder_version=&#8221;4.16&#8243; global_colors_info=&#8221;{}&#8221;][et_pb_button button_url=&#8221;https:\/\/foodcoopbcn.cat\/es\/hazte-socia&#8221; button_text=&#8221;HAZTE SOCIO\/A&#8221; _builder_version=&#8221;4.21.0&#8243; global_colors_info=&#8221;{}&#8221;][\/et_pb_button][\/et_pb_column][\/et_pb_row][\/et_pb_section][et_pb_section fb_built=&#8221;1&#8243; _builder_version=&#8221;4.21.0&#8243; custom_padding=&#8221;0px|||||&#8221; global_colors_info=&#8221;{}&#8221;][et_pb_row _builder_version=&#8221;4.16&#8243; global_colors_info=&#8221;{}&#8221;][et_pb_column type=&#8221;4_4&#8243; _builder_version=&#8221;4.16&#8243; global_colors_info=&#8221;{}&#8221;][et_pb_text _builder_version=&#8221;4.16&#8243; header_font_size=&#8221;50px&#8221; header_font_size_tablet=&#8221;40px&#8221; header_font_size_phone=&#8221;30px&#8221; header_font_size_last_edited=&#8221;on|phone&#8221; global_colors_info=&#8221;{}&#8221;]<\/p>\n<h1>No somos los primeros del mundo, pero s\u00ed en Barcelona<\/h1>\n<p>[\/et_pb_text][\/et_pb_column][\/et_pb_row][et_pb_row column_structure=&#8221;1_2,1_2&#8243; _builder_version=&#8221;4.16&#8243; global_colors_info=&#8221;{}&#8221;][et_pb_column type=&#8221;1_2&#8243; _builder_version=&#8221;4.16&#8243; global_colors_info=&#8221;{}&#8221;][et_pb_code _builder_version=&#8221;4.16&#8243; global_colors_info=&#8221;{}&#8221;]<iframe loading=\"lazy\" width=\"560\" height=\"315\" src=\"https:\/\/www.youtube-nocookie.com\/embed\/_Ae4CFpKCoU\" frameborder=\"0\" allow=\"accelerometer; autoplay; encrypted-media; gyroscope; picture-in-picture\" allowfullscreen><\/iframe>[\/et_pb_code][\/et_pb_column][et_pb_column type=&#8221;1_2&#8243; _builder_version=&#8221;4.16&#8243; global_colors_info=&#8221;{}&#8221;][et_pb_text admin_label=&#8221;Text&#8221; _builder_version=&#8221;4.21.0&#8243; global_colors_info=&#8221;{}&#8221;]<\/p>\n<p>El documental Food Coop (puedes verlo entero <a href=\"https:\/\/vimeo.com\/ondemand\/foodcoopthefilm\" target=\"_blank\" rel=\"noopener\">aqu\u00ed<\/a>) nos inspir\u00f3 pero no es el \u00fanico proyecto. Durante la fase de definici\u00f3n del modelo de supermercado de Food Coop BCN hemos contactado y analizado otros modelos de supermercados cooperativos que est\u00e1n en marcha bajo el mismo criterio de participaci\u00f3n de la socias en su funcionamiento. Son ejemplos inspiradores La Louve, en Par\u00eds, Bees Coop, en B\u00e9lgica o La Cagette, en Montpellier. Experiencias m\u00e1s cercanas como Landare, Labore, Bio Alai, en Pamplona y el Pa\u00eds Vasco) o Som Alimentaci\u00f3n, en Valencia, tambi\u00e9n han sido claves en el desarrollo de nuestro modelo de negocio.<\/p>\n<p>[\/et_pb_text][\/et_pb_column][\/et_pb_row][\/et_pb_section]<\/p>\n","protected":false},"excerpt":{"rendered":"<p>\u00bfQui\u00e9nes somos?A principios de 2022 hemos abierto un supermercado participativo donde puedes llenar toda tu cesta. Estos productos se han elegido de acuerdo con los principios que mueven el proyecto, como la sostenibilidad, la proximidad o el trato justo hacia las productoras y las trabajadoras. Este es un proyecto abierto a todas: s\u00f3lo tendr\u00e1s que [&hellip;]<\/p>\n","protected":false},"author":2,"featured_media":291,"parent":0,"menu_order":2,"comment_status":"closed","ping_status":"closed","template":"","meta":{"_et_pb_use_builder":"on","_et_pb_old_content":"","_et_gb_content_width":"","footnotes":""},"class_list":["post-362","page","type-page","status-publish","has-post-thumbnail","hentry"],"_links":{"self":[{"href":"https:\/\/foodcoopbcn.cat\/es\/wp-json\/wp\/v2\/pages\/362","targetHints":{"allow":["GET"]}}],"collection":[{"href":"https:\/\/foodcoopbcn.cat\/es\/wp-json\/wp\/v2\/pages"}],"about":[{"href":"https:\/\/foodcoopbcn.cat\/es\/wp-json\/wp\/v2\/types\/page"}],"author":[{"embeddable":true,"href":"https:\/\/foodcoopbcn.cat\/es\/wp-json\/wp\/v2\/users\/2"}],"replies":[{"embeddable":true,"href":"https:\/\/foodcoopbcn.cat\/es\/wp-json\/wp\/v2\/comments?post=362"}],"version-history":[{"count":40,"href":"https:\/\/foodcoopbcn.cat\/es\/wp-json\/wp\/v2\/pages\/362\/revisions"}],"predecessor-version":[{"id":8524,"href":"https:\/\/foodcoopbcn.cat\/es\/wp-json\/wp\/v2\/pages\/362\/revisions\/8524"}],"wp:featuredmedia":[{"embeddable":true,"href":"https:\/\/foodcoopbcn.cat\/es\/wp-json\/wp\/v2\/media\/291"}],"wp:attachment":[{"href":"https:\/\/foodcoopbcn.cat\/es\/wp-json\/wp\/v2\/media?parent=362"}],"curies":[{"name":"wp","href":"https:\/\/api.w.org\/{rel}","templated":true}]}}